{"id":4260,"date":"2023-11-03T06:31:55","date_gmt":"2023-11-03T06:31:55","guid":{"rendered":"https:\/\/www.markomed.com\/careers\/"},"modified":"2024-06-11T08:43:06","modified_gmt":"2024-06-11T08:43:06","slug":"karijere","status":"publish","type":"page","link":"https:\/\/www.markomed.com\/hr\/karijere\/","title":{"rendered":"Karijere"},"content":{"rendered":"\t\t<div data-elementor-type=\"wp-page\" data-elementor-id=\"4260\" class=\"elementor elementor-4260 elementor-139\">\n\t\t\t\t<div class=\"elementor-element elementor-element-bebadc9 e-flex e-con-boxed e-con e-parent\" data-id=\"bebadc9\" data-element_type=\"container\" data-e-type=\"container\">\n\t\t\t\t\t<div class=\"e-con-inner\">\n\t\t\t\t<div class=\"elementor-element elementor-element-2c93a4c elementor-widget elementor-widget-text-editor\" data-id=\"2c93a4c\" data-element_type=\"widget\" data-e-type=\"widget\" data-widget_type=\"text-editor.default\">\n\t\t\t\t<div class=\"elementor-widget-container\">\n\t\t\t\t\t\t\t\t\t<div class=\"elementor-element elementor-element-db96673 e-flex e-con-boxed e-con e-parent\" data-id=\"db96673\" data-element_type=\"container\" data-settings=\"{&quot;background_background&quot;:&quot;classic&quot;}\"><div class=\"e-con-inner\"><div class=\"elementor-element elementor-element-0f6c1c3 e-con-full e-flex e-con e-child\" data-id=\"0f6c1c3\" data-element_type=\"container\"><div class=\"elementor-element elementor-element-9e5c5dc elementor-widget elementor-widget-text-editor\" data-id=\"9e5c5dc\" data-element_type=\"widget\" data-widget_type=\"text-editor.default\"><div class=\"elementor-widget-container\"><p>Currently there are no open positions.<\/p><\/div><\/div><\/div><\/div><\/div>\t\t\t\t\t\t\t\t<\/div>\n\t\t\t\t<\/div>\n\t\t\t\t\t<\/div>\n\t\t\t\t<\/div>\n\t\t<div class=\"elementor-element elementor-element-85be6cd e-flex e-con-boxed e-con e-parent\" data-id=\"85be6cd\" data-element_type=\"container\" data-e-type=\"container\">\n\t\t\t\t\t<div class=\"e-con-inner\">\n\t\t\t\t\t<\/div>\n\t\t\t\t<\/div>\n\t\t\t\t<\/div>\n\t\t","protected":false},"excerpt":{"rendered":"<p>Currently there are no open positions. 12Feb By : markomed Careers Position: Product Specialist Proactively envisioned multimedia based expertise and cross-media growth strategies. Seamlessly visualize quality intellectual capital without superior collaboration and idea-sharing. Holistically&hellip; Read More<\/p>\n","protected":false},"author":1,"featured_media":0,"parent":0,"menu_order":0,"comment_status":"closed","ping_status":"closed","template":"tpl-default-elementor.php","meta":{"inline_featured_image":false,"footnotes":""},"class_list":["post-4260","page","type-page","status-publish","hentry"],"yoast_head":"<!-- This site is optimized with the Yoast SEO plugin v27.5 - https:\/\/yoast.com\/product\/yoast-seo-wordpress\/ -->\n<title>Karijere - Markomed<\/title>\n<meta name=\"description\" content=\"Markomed, kao pouzdan partner za promociju i distribuciju proizvo\u0111a\u010da medicinskih ure\u0111aja, nudi zdravstvenim djelatnicima i zdravstvenim ustanovama najnovija tehnolo\u0161ka dostignu\u0107a u medicinskim ure\u0111ajima.\" \/>\n<meta name=\"robots\" content=\"index, follow, max-snippet:-1, max-image-preview:large, max-video-preview:-1\" \/>\n<link rel=\"canonical\" href=\"https:\/\/www.markomed.com\/hr\/karijere\/\" \/>\n<meta property=\"og:locale\" content=\"hr_HR\" \/>\n<meta property=\"og:type\" content=\"article\" \/>\n<meta property=\"og:title\" content=\"Karijere - Markomed\" \/>\n<meta property=\"og:description\" content=\"Markomed, kao pouzdan partner za promociju i distribuciju proizvo\u0111a\u010da medicinskih ure\u0111aja, nudi zdravstvenim djelatnicima i zdravstvenim ustanovama najnovija tehnolo\u0161ka dostignu\u0107a u medicinskim ure\u0111ajima.\" \/>\n<meta property=\"og:url\" content=\"https:\/\/www.markomed.com\/hr\/karijere\/\" \/>\n<meta property=\"og:site_name\" content=\"Markomed\" \/>\n<meta property=\"article:modified_time\" content=\"2024-06-11T08:43:06+00:00\" \/>\n<meta name=\"twitter:card\" content=\"summary_large_image\" \/>\n<meta name=\"twitter:label1\" content=\"Procijenjeno vrijeme \u010ditanja\" \/>\n\t<meta name=\"twitter:data1\" content=\"1 minuta\" \/>\n<script type=\"application\/ld+json\" class=\"yoast-schema-graph\">{\"@context\":\"https:\\\/\\\/schema.org\",\"@graph\":[{\"@type\":\"WebPage\",\"@id\":\"https:\\\/\\\/www.markomed.com\\\/hr\\\/karijere\\\/\",\"url\":\"https:\\\/\\\/www.markomed.com\\\/hr\\\/karijere\\\/\",\"name\":\"Karijere - Markomed\",\"isPartOf\":{\"@id\":\"https:\\\/\\\/www.markomed.com\\\/hr\\\/#website\"},\"datePublished\":\"2023-11-03T06:31:55+00:00\",\"dateModified\":\"2024-06-11T08:43:06+00:00\",\"description\":\"Markomed, kao pouzdan partner za promociju i distribuciju proizvo\u0111a\u010da medicinskih ure\u0111aja, nudi zdravstvenim djelatnicima i zdravstvenim ustanovama najnovija tehnolo\u0161ka dostignu\u0107a u medicinskim ure\u0111ajima.\",\"breadcrumb\":{\"@id\":\"https:\\\/\\\/www.markomed.com\\\/hr\\\/karijere\\\/#breadcrumb\"},\"inLanguage\":\"hr\",\"potentialAction\":[{\"@type\":\"ReadAction\",\"target\":[\"https:\\\/\\\/www.markomed.com\\\/hr\\\/karijere\\\/\"]}]},{\"@type\":\"BreadcrumbList\",\"@id\":\"https:\\\/\\\/www.markomed.com\\\/hr\\\/karijere\\\/#breadcrumb\",\"itemListElement\":[{\"@type\":\"ListItem\",\"position\":1,\"name\":\"Home\",\"item\":\"https:\\\/\\\/www.markomed.com\\\/hr\\\/\"},{\"@type\":\"ListItem\",\"position\":2,\"name\":\"Karijere\"}]},{\"@type\":\"WebSite\",\"@id\":\"https:\\\/\\\/www.markomed.com\\\/hr\\\/#website\",\"url\":\"https:\\\/\\\/www.markomed.com\\\/hr\\\/\",\"name\":\"Markomed\",\"description\":\"At the forefront of patient\u2019s outcome\",\"publisher\":{\"@id\":\"https:\\\/\\\/www.markomed.com\\\/hr\\\/#organization\"},\"alternateName\":\"Markomed\",\"potentialAction\":[{\"@type\":\"SearchAction\",\"target\":{\"@type\":\"EntryPoint\",\"urlTemplate\":\"https:\\\/\\\/www.markomed.com\\\/hr\\\/?s={search_term_string}\"},\"query-input\":{\"@type\":\"PropertyValueSpecification\",\"valueRequired\":true,\"valueName\":\"search_term_string\"}}],\"inLanguage\":\"hr\"},{\"@type\":\"Organization\",\"@id\":\"https:\\\/\\\/www.markomed.com\\\/hr\\\/#organization\",\"name\":\"Markomed\",\"alternateName\":\"Markomed Ltd.\",\"url\":\"https:\\\/\\\/www.markomed.com\\\/hr\\\/\",\"logo\":{\"@type\":\"ImageObject\",\"inLanguage\":\"hr\",\"@id\":\"https:\\\/\\\/www.markomed.com\\\/hr\\\/#\\\/schema\\\/logo\\\/image\\\/\",\"url\":\"https:\\\/\\\/www.markomed.com\\\/wp-content\\\/uploads\\\/2024\\\/03\\\/Untitled-design-1.svg\",\"contentUrl\":\"https:\\\/\\\/www.markomed.com\\\/wp-content\\\/uploads\\\/2024\\\/03\\\/Untitled-design-1.svg\",\"width\":40,\"height\":40,\"caption\":\"Markomed\"},\"image\":{\"@id\":\"https:\\\/\\\/www.markomed.com\\\/hr\\\/#\\\/schema\\\/logo\\\/image\\\/\"}}]}<\/script>\n<!-- \/ Yoast SEO plugin. -->","yoast_head_json":{"title":"Karijere - Markomed","description":"Markomed, kao pouzdan partner za promociju i distribuciju proizvo\u0111a\u010da medicinskih ure\u0111aja, nudi zdravstvenim djelatnicima i zdravstvenim ustanovama najnovija tehnolo\u0161ka dostignu\u0107a u medicinskim ure\u0111ajima.","robots":{"index":"index","follow":"follow","max-snippet":"max-snippet:-1","max-image-preview":"max-image-preview:large","max-video-preview":"max-video-preview:-1"},"canonical":"https:\/\/www.markomed.com\/hr\/karijere\/","og_locale":"hr_HR","og_type":"article","og_title":"Karijere - Markomed","og_description":"Markomed, kao pouzdan partner za promociju i distribuciju proizvo\u0111a\u010da medicinskih ure\u0111aja, nudi zdravstvenim djelatnicima i zdravstvenim ustanovama najnovija tehnolo\u0161ka dostignu\u0107a u medicinskim ure\u0111ajima.","og_url":"https:\/\/www.markomed.com\/hr\/karijere\/","og_site_name":"Markomed","article_modified_time":"2024-06-11T08:43:06+00:00","twitter_card":"summary_large_image","twitter_misc":{"Procijenjeno vrijeme \u010ditanja":"1 minuta"},"schema":{"@context":"https:\/\/schema.org","@graph":[{"@type":"WebPage","@id":"https:\/\/www.markomed.com\/hr\/karijere\/","url":"https:\/\/www.markomed.com\/hr\/karijere\/","name":"Karijere - Markomed","isPartOf":{"@id":"https:\/\/www.markomed.com\/hr\/#website"},"datePublished":"2023-11-03T06:31:55+00:00","dateModified":"2024-06-11T08:43:06+00:00","description":"Markomed, kao pouzdan partner za promociju i distribuciju proizvo\u0111a\u010da medicinskih ure\u0111aja, nudi zdravstvenim djelatnicima i zdravstvenim ustanovama najnovija tehnolo\u0161ka dostignu\u0107a u medicinskim ure\u0111ajima.","breadcrumb":{"@id":"https:\/\/www.markomed.com\/hr\/karijere\/#breadcrumb"},"inLanguage":"hr","potentialAction":[{"@type":"ReadAction","target":["https:\/\/www.markomed.com\/hr\/karijere\/"]}]},{"@type":"BreadcrumbList","@id":"https:\/\/www.markomed.com\/hr\/karijere\/#breadcrumb","itemListElement":[{"@type":"ListItem","position":1,"name":"Home","item":"https:\/\/www.markomed.com\/hr\/"},{"@type":"ListItem","position":2,"name":"Karijere"}]},{"@type":"WebSite","@id":"https:\/\/www.markomed.com\/hr\/#website","url":"https:\/\/www.markomed.com\/hr\/","name":"Markomed","description":"At the forefront of patient\u2019s outcome","publisher":{"@id":"https:\/\/www.markomed.com\/hr\/#organization"},"alternateName":"Markomed","potentialAction":[{"@type":"SearchAction","target":{"@type":"EntryPoint","urlTemplate":"https:\/\/www.markomed.com\/hr\/?s={search_term_string}"},"query-input":{"@type":"PropertyValueSpecification","valueRequired":true,"valueName":"search_term_string"}}],"inLanguage":"hr"},{"@type":"Organization","@id":"https:\/\/www.markomed.com\/hr\/#organization","name":"Markomed","alternateName":"Markomed Ltd.","url":"https:\/\/www.markomed.com\/hr\/","logo":{"@type":"ImageObject","inLanguage":"hr","@id":"https:\/\/www.markomed.com\/hr\/#\/schema\/logo\/image\/","url":"https:\/\/www.markomed.com\/wp-content\/uploads\/2024\/03\/Untitled-design-1.svg","contentUrl":"https:\/\/www.markomed.com\/wp-content\/uploads\/2024\/03\/Untitled-design-1.svg","width":40,"height":40,"caption":"Markomed"},"image":{"@id":"https:\/\/www.markomed.com\/hr\/#\/schema\/logo\/image\/"}}]}},"_links":{"self":[{"href":"https:\/\/www.markomed.com\/hr\/wp-json\/wp\/v2\/pages\/4260","targetHints":{"allow":["GET"]}}],"collection":[{"href":"https:\/\/www.markomed.com\/hr\/wp-json\/wp\/v2\/pages"}],"about":[{"href":"https:\/\/www.markomed.com\/hr\/wp-json\/wp\/v2\/types\/page"}],"author":[{"embeddable":true,"href":"https:\/\/www.markomed.com\/hr\/wp-json\/wp\/v2\/users\/1"}],"replies":[{"embeddable":true,"href":"https:\/\/www.markomed.com\/hr\/wp-json\/wp\/v2\/comments?post=4260"}],"version-history":[{"count":0,"href":"https:\/\/www.markomed.com\/hr\/wp-json\/wp\/v2\/pages\/4260\/revisions"}],"wp:attachment":[{"href":"https:\/\/www.markomed.com\/hr\/wp-json\/wp\/v2\/media?parent=4260"}],"curies":[{"name":"wp","href":"https:\/\/api.w.org\/{rel}","templated":true}]}}