{"id":4262,"date":"2024-06-11T08:02:33","date_gmt":"2024-06-11T08:02:33","guid":{"rendered":"https:\/\/www.markomed.com\/cookie-policy\/"},"modified":"2024-06-17T06:43:20","modified_gmt":"2024-06-17T06:43:20","slug":"politika-kolacica","status":"publish","type":"page","link":"https:\/\/www.markomed.com\/hr\/politika-kolacica\/","title":{"rendered":"Politika kola\u010di\u0107a"},"content":{"rendered":"\t\t<div data-elementor-type=\"wp-page\" data-elementor-id=\"4262\" class=\"elementor elementor-4262 elementor-4234\">\n\t\t\t\t<div class=\"elementor-element elementor-element-7a263f0 e-flex e-con-boxed e-con e-parent\" data-id=\"7a263f0\" data-element_type=\"container\" data-e-type=\"container\">\n\t\t\t\t\t<div class=\"e-con-inner\">\n\t\t\t\t<div class=\"elementor-element elementor-element-45db95a elementor-widget elementor-widget-text-editor\" data-id=\"45db95a\" data-element_type=\"widget\" data-e-type=\"widget\" data-widget_type=\"text-editor.default\">\n\t\t\t\t<div class=\"elementor-widget-container\">\n\t\t\t\t\t\t\t\t\t<p>Ovo su Pravila o kola\u010di\u0107ima za markomed.com, dostupna na markomed.com.<\/p><p>\u00a0<\/p><h3>\u0160to su kola\u010di\u0107i<\/h3><p>Kao \u0161to je uobi\u010dajena praksa s gotovo svim profesionalnim web-stranicama, ova stranica koristi kola\u010di\u0107e, koji su male datoteke koje se preuzimaju na va\u0161e ra\u010dunalo, kako bi pobolj\u0161ali va\u0161e iskustvo. Ova stranica opisuje koje informacije prikupljaju, kako ih koristimo i za\u0161to ponekad trebamo pohraniti ove kola\u010di\u0107e. Tako\u0111er \u0107emo podijeliti kako mo\u017eete sprije\u010diti pohranjivanje ovih kola\u010di\u0107a; me\u0111utim, to mo\u017ee smanjiti ili &#8216;pokvariti&#8217; odre\u0111ene elemente funkcionalnosti stranice.<\/p><p>\u00a0<\/p><h3>Kako koristimo kola\u010di\u0107e<\/h3><p>Kola\u010di\u0107e koristimo iz raznih razloga navedenih u nastavku. Na\u017ealost, u ve\u0107ini slu\u010dajeva ne postoje industrijski standardizirane opcije za onemogu\u0107avanje kola\u010di\u0107a bez potpunog onemogu\u0107avanja funkcionalnosti i zna\u010dajki koje dodaju ovoj stranici. Preporu\u010da se da ostavite sve kola\u010di\u0107e uklju\u010dene ako niste sigurni trebaju li vam ili ne, u slu\u010daju da se koriste za pru\u017eanje usluge koju koristite.<\/p><p>\u00a0<\/p><h3>Onemogu\u0107avanje kola\u010di\u0107a<\/h3><p>Mo\u017eete sprije\u010diti postavljanje kola\u010di\u0107a prilago\u0111avanjem postavki u va\u0161em pregledniku (pogledajte pomo\u0107 va\u0161eg preglednika za kako to u\u010diniti). Budite svjesni da \u0107e onemogu\u0107avanje kola\u010di\u0107a utjecati na funkcionalnost ove i mnogih drugih web-stranica koje posje\u0107ujete. Onemogu\u0107avanje kola\u010di\u0107a obi\u010dno rezultira i onemogu\u0107avanjem odre\u0111enih funkcionalnosti i zna\u010dajki ove stranice. Stoga se preporu\u010duje da ne onemogu\u0107avate kola\u010di\u0107e.<\/p><p>\u00a0<\/p><h3>Kola\u010di\u0107i koje postavljamo<\/h3><p>Kola\u010di\u0107i za postavke stranice: Kako bismo vam pru\u017eili sjajno iskustvo na ovoj stranici, pru\u017eamo funkcionalnost za postavljanje va\u0161ih preferencija za na\u010din rada ove stranice kada je koristite. Kako bismo zapamtili va\u0161e preferencije, moramo postaviti kola\u010di\u0107e kako bi se te informacije mogle pozvati kad god komunicirate s stranicom na koju utje\u010du va\u0161e preferencije.<\/p><p>Kola\u010di\u0107i tre\u0107ih strana: U nekim posebnim slu\u010dajevima tako\u0111er koristimo kola\u010di\u0107e koje pru\u017eaju pouzdane tre\u0107e strane. Sljede\u0107i odjeljak detaljno opisuje koje kola\u010di\u0107e tre\u0107ih strana mo\u017eete susresti putem ove stranice.<\/p><p>\u00a0<\/p><h3>Kola\u010di\u0107i tre\u0107ih strana<\/h3><p>Ova stranica koristi Google Analytics, koji je jedno od najra\u0161irenijih i najpouzdanijih analiti\u010dkih rje\u0161enja na webu, za pomo\u0107 u razumijevanju kako koristite stranicu i na\u010dina na koje mo\u017eemo pobolj\u0161ati va\u0161e iskustvo. Ovi kola\u010di\u0107i mogu pratiti stvari poput koliko vremena provodite na stranici i stranica koje posje\u0107ujete kako bismo mogli nastaviti proizvoditi zanimljiv sadr\u017eaj. Za vi\u0161e informacija o Google Analytics kola\u010di\u0107ima, pogledajte slu\u017ebenu stranicu Google Analytics-a.<\/p><p>\u00a0<\/p><h3>Vi\u0161e informacija<\/h3><p>Nadamo se da smo vam pojasnili stvari i, kao \u0161to je prethodno spomenuto, ako postoji ne\u0161to oko \u010dega niste sigurni trebate li ili ne, obi\u010dno je sigurnije ostaviti kola\u010di\u0107e omogu\u0107ene u slu\u010daju da komuniciraju s jednom od zna\u010dajki koje koristite na na\u0161oj stranici. Me\u0111utim, ako jo\u0161 uvijek tra\u017eite vi\u0161e informacija, mo\u017eete nas kontaktirati putem jedne od na\u0161ih preferiranih metoda za kontakt:<\/p><p>Email: info@markomed.com<\/p><p>\u00a0<\/p><h3>A\u017euriranja pravila<\/h3><p>Pridr\u017eavamo pravo a\u017eurirati ova Pravila o kola\u010di\u0107ima s vremena na vrijeme. Sve promjene bit \u0107e objavljene na ovoj stranici s a\u017euriranim datumom revizije. Preporu\u010dujemo da povremeno provjerite ima li promjena.<\/p><p>Zadnje a\u017eurirano: 29.2.2024.<\/p><p>Kori\u0161tenjem na\u0161e web-stranice pristajete na na\u0161a Pravila o kola\u010di\u0107ima i sla\u017eete se s njihovim uvjetima.<\/p><p>Ova Pravila o kola\u010di\u0107ima stvorena su uz pomo\u0107 CookiePolicyGenerator.com<\/p>\t\t\t\t\t\t\t\t<\/div>\n\t\t\t\t<\/div>\n\t\t\t\t\t<\/div>\n\t\t\t\t<\/div>\n\t\t\t\t<\/div>\n\t\t","protected":false},"excerpt":{"rendered":"<p>Ovo su Pravila o kola\u010di\u0107ima za markomed.com, dostupna na markomed.com. \u00a0 \u0160to su kola\u010di\u0107i Kao \u0161to je uobi\u010dajena praksa s gotovo svim profesionalnim web-stranicama, ova stranica koristi kola\u010di\u0107e, koji su male datoteke koje se preuzimaju na va\u0161e ra\u010dunalo, kako bi pobolj\u0161ali va\u0161e iskustvo. Ova stranica opisuje koje informacije prikupljaju, kako ih koristimo i za\u0161to ponekad [&hellip;]<\/p>\n","protected":false},"author":1,"featured_media":0,"parent":0,"menu_order":0,"comment_status":"closed","ping_status":"closed","template":"","meta":{"inline_featured_image":false,"footnotes":""},"class_list":["post-4262","page","type-page","status-publish","hentry"],"yoast_head":"<!-- This site is optimized with the Yoast SEO plugin v27.5 - https:\/\/yoast.com\/product\/yoast-seo-wordpress\/ -->\n<title>Politika kola\u010di\u0107a - Markomed<\/title>\n<meta name=\"description\" content=\"Markomed, kao pouzdan partner za promociju i distribuciju proizvo\u0111a\u010da medicinskih ure\u0111aja, nudi zdravstvenim djelatnicima i zdravstvenim ustanovama najnovija tehnolo\u0161ka dostignu\u0107a u medicinskim ure\u0111ajima.\" \/>\n<meta name=\"robots\" content=\"index, follow, max-snippet:-1, max-image-preview:large, max-video-preview:-1\" \/>\n<link rel=\"canonical\" href=\"https:\/\/www.markomed.com\/hr\/politika-kolacica\/\" \/>\n<meta property=\"og:locale\" content=\"hr_HR\" \/>\n<meta property=\"og:type\" content=\"article\" \/>\n<meta property=\"og:title\" content=\"Politika kola\u010di\u0107a - Markomed\" \/>\n<meta property=\"og:description\" content=\"Markomed, kao pouzdan partner za promociju i distribuciju proizvo\u0111a\u010da medicinskih ure\u0111aja, nudi zdravstvenim djelatnicima i zdravstvenim ustanovama najnovija tehnolo\u0161ka dostignu\u0107a u medicinskim ure\u0111ajima.\" \/>\n<meta property=\"og:url\" content=\"https:\/\/www.markomed.com\/hr\/politika-kolacica\/\" \/>\n<meta property=\"og:site_name\" content=\"Markomed\" \/>\n<meta property=\"article:modified_time\" content=\"2024-06-17T06:43:20+00:00\" \/>\n<meta name=\"twitter:card\" content=\"summary_large_image\" \/>\n<meta name=\"twitter:label1\" content=\"Procijenjeno vrijeme \u010ditanja\" \/>\n\t<meta name=\"twitter:data1\" content=\"3 minute\" \/>\n<script type=\"application\/ld+json\" class=\"yoast-schema-graph\">{\"@context\":\"https:\\\/\\\/schema.org\",\"@graph\":[{\"@type\":\"WebPage\",\"@id\":\"https:\\\/\\\/www.markomed.com\\\/hr\\\/politika-kolacica\\\/\",\"url\":\"https:\\\/\\\/www.markomed.com\\\/hr\\\/politika-kolacica\\\/\",\"name\":\"Politika kola\u010di\u0107a - Markomed\",\"isPartOf\":{\"@id\":\"https:\\\/\\\/www.markomed.com\\\/hr\\\/#website\"},\"datePublished\":\"2024-06-11T08:02:33+00:00\",\"dateModified\":\"2024-06-17T06:43:20+00:00\",\"description\":\"Markomed, kao pouzdan partner za promociju i distribuciju proizvo\u0111a\u010da medicinskih ure\u0111aja, nudi zdravstvenim djelatnicima i zdravstvenim ustanovama najnovija tehnolo\u0161ka dostignu\u0107a u medicinskim ure\u0111ajima.\",\"breadcrumb\":{\"@id\":\"https:\\\/\\\/www.markomed.com\\\/hr\\\/politika-kolacica\\\/#breadcrumb\"},\"inLanguage\":\"hr\",\"potentialAction\":[{\"@type\":\"ReadAction\",\"target\":[\"https:\\\/\\\/www.markomed.com\\\/hr\\\/politika-kolacica\\\/\"]}]},{\"@type\":\"BreadcrumbList\",\"@id\":\"https:\\\/\\\/www.markomed.com\\\/hr\\\/politika-kolacica\\\/#breadcrumb\",\"itemListElement\":[{\"@type\":\"ListItem\",\"position\":1,\"name\":\"Home\",\"item\":\"https:\\\/\\\/www.markomed.com\\\/hr\\\/\"},{\"@type\":\"ListItem\",\"position\":2,\"name\":\"Politika kola\u010di\u0107a\"}]},{\"@type\":\"WebSite\",\"@id\":\"https:\\\/\\\/www.markomed.com\\\/hr\\\/#website\",\"url\":\"https:\\\/\\\/www.markomed.com\\\/hr\\\/\",\"name\":\"Markomed\",\"description\":\"At the forefront of patient\u2019s outcome\",\"publisher\":{\"@id\":\"https:\\\/\\\/www.markomed.com\\\/hr\\\/#organization\"},\"alternateName\":\"Markomed\",\"potentialAction\":[{\"@type\":\"SearchAction\",\"target\":{\"@type\":\"EntryPoint\",\"urlTemplate\":\"https:\\\/\\\/www.markomed.com\\\/hr\\\/?s={search_term_string}\"},\"query-input\":{\"@type\":\"PropertyValueSpecification\",\"valueRequired\":true,\"valueName\":\"search_term_string\"}}],\"inLanguage\":\"hr\"},{\"@type\":\"Organization\",\"@id\":\"https:\\\/\\\/www.markomed.com\\\/hr\\\/#organization\",\"name\":\"Markomed\",\"alternateName\":\"Markomed Ltd.\",\"url\":\"https:\\\/\\\/www.markomed.com\\\/hr\\\/\",\"logo\":{\"@type\":\"ImageObject\",\"inLanguage\":\"hr\",\"@id\":\"https:\\\/\\\/www.markomed.com\\\/hr\\\/#\\\/schema\\\/logo\\\/image\\\/\",\"url\":\"https:\\\/\\\/www.markomed.com\\\/wp-content\\\/uploads\\\/2024\\\/03\\\/Untitled-design-1.svg\",\"contentUrl\":\"https:\\\/\\\/www.markomed.com\\\/wp-content\\\/uploads\\\/2024\\\/03\\\/Untitled-design-1.svg\",\"width\":40,\"height\":40,\"caption\":\"Markomed\"},\"image\":{\"@id\":\"https:\\\/\\\/www.markomed.com\\\/hr\\\/#\\\/schema\\\/logo\\\/image\\\/\"}}]}<\/script>\n<!-- \/ Yoast SEO plugin. -->","yoast_head_json":{"title":"Politika kola\u010di\u0107a - Markomed","description":"Markomed, kao pouzdan partner za promociju i distribuciju proizvo\u0111a\u010da medicinskih ure\u0111aja, nudi zdravstvenim djelatnicima i zdravstvenim ustanovama najnovija tehnolo\u0161ka dostignu\u0107a u medicinskim ure\u0111ajima.","robots":{"index":"index","follow":"follow","max-snippet":"max-snippet:-1","max-image-preview":"max-image-preview:large","max-video-preview":"max-video-preview:-1"},"canonical":"https:\/\/www.markomed.com\/hr\/politika-kolacica\/","og_locale":"hr_HR","og_type":"article","og_title":"Politika kola\u010di\u0107a - Markomed","og_description":"Markomed, kao pouzdan partner za promociju i distribuciju proizvo\u0111a\u010da medicinskih ure\u0111aja, nudi zdravstvenim djelatnicima i zdravstvenim ustanovama najnovija tehnolo\u0161ka dostignu\u0107a u medicinskim ure\u0111ajima.","og_url":"https:\/\/www.markomed.com\/hr\/politika-kolacica\/","og_site_name":"Markomed","article_modified_time":"2024-06-17T06:43:20+00:00","twitter_card":"summary_large_image","twitter_misc":{"Procijenjeno vrijeme \u010ditanja":"3 minute"},"schema":{"@context":"https:\/\/schema.org","@graph":[{"@type":"WebPage","@id":"https:\/\/www.markomed.com\/hr\/politika-kolacica\/","url":"https:\/\/www.markomed.com\/hr\/politika-kolacica\/","name":"Politika kola\u010di\u0107a - Markomed","isPartOf":{"@id":"https:\/\/www.markomed.com\/hr\/#website"},"datePublished":"2024-06-11T08:02:33+00:00","dateModified":"2024-06-17T06:43:20+00:00","description":"Markomed, kao pouzdan partner za promociju i distribuciju proizvo\u0111a\u010da medicinskih ure\u0111aja, nudi zdravstvenim djelatnicima i zdravstvenim ustanovama najnovija tehnolo\u0161ka dostignu\u0107a u medicinskim ure\u0111ajima.","breadcrumb":{"@id":"https:\/\/www.markomed.com\/hr\/politika-kolacica\/#breadcrumb"},"inLanguage":"hr","potentialAction":[{"@type":"ReadAction","target":["https:\/\/www.markomed.com\/hr\/politika-kolacica\/"]}]},{"@type":"BreadcrumbList","@id":"https:\/\/www.markomed.com\/hr\/politika-kolacica\/#breadcrumb","itemListElement":[{"@type":"ListItem","position":1,"name":"Home","item":"https:\/\/www.markomed.com\/hr\/"},{"@type":"ListItem","position":2,"name":"Politika kola\u010di\u0107a"}]},{"@type":"WebSite","@id":"https:\/\/www.markomed.com\/hr\/#website","url":"https:\/\/www.markomed.com\/hr\/","name":"Markomed","description":"At the forefront of patient\u2019s outcome","publisher":{"@id":"https:\/\/www.markomed.com\/hr\/#organization"},"alternateName":"Markomed","potentialAction":[{"@type":"SearchAction","target":{"@type":"EntryPoint","urlTemplate":"https:\/\/www.markomed.com\/hr\/?s={search_term_string}"},"query-input":{"@type":"PropertyValueSpecification","valueRequired":true,"valueName":"search_term_string"}}],"inLanguage":"hr"},{"@type":"Organization","@id":"https:\/\/www.markomed.com\/hr\/#organization","name":"Markomed","alternateName":"Markomed Ltd.","url":"https:\/\/www.markomed.com\/hr\/","logo":{"@type":"ImageObject","inLanguage":"hr","@id":"https:\/\/www.markomed.com\/hr\/#\/schema\/logo\/image\/","url":"https:\/\/www.markomed.com\/wp-content\/uploads\/2024\/03\/Untitled-design-1.svg","contentUrl":"https:\/\/www.markomed.com\/wp-content\/uploads\/2024\/03\/Untitled-design-1.svg","width":40,"height":40,"caption":"Markomed"},"image":{"@id":"https:\/\/www.markomed.com\/hr\/#\/schema\/logo\/image\/"}}]}},"_links":{"self":[{"href":"https:\/\/www.markomed.com\/hr\/wp-json\/wp\/v2\/pages\/4262","targetHints":{"allow":["GET"]}}],"collection":[{"href":"https:\/\/www.markomed.com\/hr\/wp-json\/wp\/v2\/pages"}],"about":[{"href":"https:\/\/www.markomed.com\/hr\/wp-json\/wp\/v2\/types\/page"}],"author":[{"embeddable":true,"href":"https:\/\/www.markomed.com\/hr\/wp-json\/wp\/v2\/users\/1"}],"replies":[{"embeddable":true,"href":"https:\/\/www.markomed.com\/hr\/wp-json\/wp\/v2\/comments?post=4262"}],"version-history":[{"count":3,"href":"https:\/\/www.markomed.com\/hr\/wp-json\/wp\/v2\/pages\/4262\/revisions"}],"predecessor-version":[{"id":4502,"href":"https:\/\/www.markomed.com\/hr\/wp-json\/wp\/v2\/pages\/4262\/revisions\/4502"}],"wp:attachment":[{"href":"https:\/\/www.markomed.com\/hr\/wp-json\/wp\/v2\/media?parent=4262"}],"curies":[{"name":"wp","href":"https:\/\/api.w.org\/{rel}","templated":true}]}}