{"id":4263,"date":"2024-05-13T08:18:05","date_gmt":"2024-05-13T08:18:05","guid":{"rendered":"https:\/\/www.markomed.com\/portfolio\/"},"modified":"2024-06-11T12:59:49","modified_gmt":"2024-06-11T12:59:49","slug":"portfolio","status":"publish","type":"page","link":"https:\/\/www.markomed.com\/hr\/portfolio\/","title":{"rendered":"Portfolio"},"content":{"rendered":"\t\t<div data-elementor-type=\"wp-page\" data-elementor-id=\"4263\" class=\"elementor elementor-4263 elementor-3740\">\n\t\t\t\t<div class=\"elementor-element elementor-element-6c031ed e-flex e-con-boxed e-con e-parent\" data-id=\"6c031ed\" data-element_type=\"container\" data-e-type=\"container\" data-settings=\"{&quot;background_background&quot;:&quot;classic&quot;}\">\n\t\t\t\t\t<div class=\"e-con-inner\">\n\t\t<div class=\"elementor-element elementor-element-b2605cd e-con-full e-flex e-con e-child\" data-id=\"b2605cd\" data-element_type=\"container\" data-e-type=\"container\">\n\t\t\t\t<div class=\"elementor-element elementor-element-7c98d74 elementor-widget elementor-widget-wellson_hero_title\" data-id=\"7c98d74\" data-element_type=\"widget\" data-e-type=\"widget\" data-widget_type=\"wellson_hero_title.default\">\n\t\t\t\t<div class=\"elementor-widget-container\">\n\t\t\t\t\t    \n\t    \n    <div class=\"sec-title centred wellson-title-wrap\">\n        \t\t<span class=\"sub-title te-bn-subtitle\">Markomed<\/span>                \t\t<h2 class=\"te-bn-title wellson-size-default\">Portfolio<\/h2>        \t\t        <div class=\"te-bn-text\">\n            <p><div class=\"flex flex-grow flex-col max-w-full\"><div class=\"min-h-[20px] text-message flex flex-col items-start whitespace-pre-wrap break-words [.text-message+&amp;]:mt-5 juice:w-full juice:items-end overflow-x-auto gap-2\" dir=\"auto\" data-message-author-role=\"assistant\" data-message-id=\"238b76f6-6eb2-4dc8-9d52-ef00a1265517\"><div class=\"flex w-full flex-col gap-1 juice:empty:hidden juice:first:pt-[3px]\"><div class=\"markdown prose w-full break-words dark:prose-invert light\"><p>Markomed Ltd. je ovla\u0161teni predstavnik renomiranih globalnih proizvo\u0111a\u010da medicinskih ure\u0111aja u:<\/p><\/div><\/div><\/div><\/div><\/p>\n        <\/div>\n            <\/div>\n    \n    \n        \t\t\t\t<\/div>\n\t\t\t\t<\/div>\n\t\t\t\t<\/div>\n\t\t<div class=\"elementor-element elementor-element-c37bb79 e-con-full e-flex e-con e-child\" data-id=\"c37bb79\" data-element_type=\"container\" data-e-type=\"container\">\n\t\t\t\t<div class=\"elementor-element elementor-element-dc5866c elementor-widget elementor-widget-image\" data-id=\"dc5866c\" data-element_type=\"widget\" data-e-type=\"widget\" data-widget_type=\"image.default\">\n\t\t\t\t<div class=\"elementor-widget-container\">\n\t\t\t\t\t\t\t\t\t\t\t\t\t\t\t<img decoding=\"async\" src=\"https:\/\/www.markomed.com\/wp-content\/uploads\/elementor\/thumbs\/plastic-surgery-ql5l5o3g4xadkjocez9pnl6agp6qyipqujbg05i9d4.png\" title=\"plastic-surgery\" alt=\"plastic-surgery\" loading=\"lazy\" \/>\t\t\t\t\t\t\t\t\t\t\t\t\t\t\t<\/div>\n\t\t\t\t<\/div>\n\t\t\t\t<div class=\"elementor-element elementor-element-b04f535 elementor-widget elementor-widget-wellson_hero_title\" data-id=\"b04f535\" data-element_type=\"widget\" data-e-type=\"widget\" data-widget_type=\"wellson_hero_title.default\">\n\t\t\t\t<div class=\"elementor-widget-container\">\n\t\t\t\t\t    \n\t    \n    <div class=\"sec-title wellson-title-wrap\">\n                \t\t<h4 class=\"te-bn-title wellson-size-default\">Kirurgija<\/h4>        \t\t    <\/div>\n        \n        \t\t\t\t<\/div>\n\t\t\t\t<\/div>\n\t\t\t\t<\/div>\n\t\t<div class=\"elementor-element elementor-element-0823f8c e-con-full e-flex e-con e-child\" data-id=\"0823f8c\" data-element_type=\"container\" data-e-type=\"container\">\n\t\t\t\t<div class=\"elementor-element elementor-element-d5d196d elementor-widget elementor-widget-image\" data-id=\"d5d196d\" data-element_type=\"widget\" data-e-type=\"widget\" data-widget_type=\"image.default\">\n\t\t\t\t<div class=\"elementor-widget-container\">\n\t\t\t\t\t\t\t\t\t\t\t\t\t\t\t<img decoding=\"async\" src=\"https:\/\/www.markomed.com\/wp-content\/uploads\/elementor\/thumbs\/electrocardiogram-ql5l5hikt31db9xwhefbo4u2b036gmzmhmr1n7s0ko.png\" title=\"electrocardiogram\" alt=\"electrocardiogram\" loading=\"lazy\" \/>\t\t\t\t\t\t\t\t\t\t\t\t\t\t\t<\/div>\n\t\t\t\t<\/div>\n\t\t\t\t<div class=\"elementor-element elementor-element-3608dfd elementor-widget elementor-widget-wellson_hero_title\" data-id=\"3608dfd\" data-element_type=\"widget\" data-e-type=\"widget\" data-widget_type=\"wellson_hero_title.default\">\n\t\t\t\t<div class=\"elementor-widget-container\">\n\t\t\t\t\t    \n\t    \n    <div class=\"sec-title wellson-title-wrap\">\n                \t\t<h4 class=\"te-bn-title wellson-size-default\">Invazivna kardologija<\/h4>        \t\t    <\/div>\n        \n        \t\t\t\t<\/div>\n\t\t\t\t<\/div>\n\t\t\t\t<\/div>\n\t\t<div class=\"elementor-element elementor-element-e2dca60 e-con-full e-flex e-con e-child\" data-id=\"e2dca60\" data-element_type=\"container\" data-e-type=\"container\">\n\t\t\t\t<div class=\"elementor-element elementor-element-6cdde77 elementor-widget elementor-widget-image\" data-id=\"6cdde77\" data-element_type=\"widget\" data-e-type=\"widget\" data-widget_type=\"image.default\">\n\t\t\t\t<div class=\"elementor-widget-container\">\n\t\t\t\t\t\t\t\t\t\t\t\t\t\t\t<img decoding=\"async\" src=\"https:\/\/www.markomed.com\/wp-content\/uploads\/elementor\/thumbs\/pulmonology-qlqcb2v7s7g3vgxkgdurst8ixd05iixv7ukzrbmu08.png\" title=\"pulmonology\" alt=\"pulmonology\" loading=\"lazy\" \/>\t\t\t\t\t\t\t\t\t\t\t\t\t\t\t<\/div>\n\t\t\t\t<\/div>\n\t\t\t\t<div class=\"elementor-element elementor-element-f4218af elementor-widget elementor-widget-wellson_hero_title\" data-id=\"f4218af\" data-element_type=\"widget\" data-e-type=\"widget\" data-widget_type=\"wellson_hero_title.default\">\n\t\t\t\t<div class=\"elementor-widget-container\">\n\t\t\t\t\t    \n\t    \n    <div class=\"sec-title wellson-title-wrap\">\n                \t\t<h4 class=\"te-bn-title wellson-size-default\">Pulmologija<\/h4>        \t\t    <\/div>\n        \n        \t\t\t\t<\/div>\n\t\t\t\t<\/div>\n\t\t\t\t<\/div>\n\t\t<div class=\"elementor-element elementor-element-080c192 e-con-full e-flex e-con e-child\" data-id=\"080c192\" data-element_type=\"container\" data-e-type=\"container\">\n\t\t\t\t<div class=\"elementor-element elementor-element-99abaac elementor-widget elementor-widget-image\" data-id=\"99abaac\" data-element_type=\"widget\" data-e-type=\"widget\" data-widget_type=\"image.default\">\n\t\t\t\t<div class=\"elementor-widget-container\">\n\t\t\t\t\t\t\t\t\t\t\t\t\t\t\t<img decoding=\"async\" src=\"https:\/\/www.markomed.com\/wp-content\/uploads\/elementor\/thumbs\/endoskopy-qlqc8c65hg28nzo3fujbyb8mcusdujoousct4qihuw.png\" title=\"endoskopy\" alt=\"endoskopy\" loading=\"lazy\" \/>\t\t\t\t\t\t\t\t\t\t\t\t\t\t\t<\/div>\n\t\t\t\t<\/div>\n\t\t\t\t<div class=\"elementor-element elementor-element-aba0b67 elementor-widget elementor-widget-wellson_hero_title\" data-id=\"aba0b67\" data-element_type=\"widget\" data-e-type=\"widget\" data-widget_type=\"wellson_hero_title.default\">\n\t\t\t\t<div class=\"elementor-widget-container\">\n\t\t\t\t\t    \n\t    \n    <div class=\"sec-title wellson-title-wrap\">\n                \t\t<h4 class=\"te-bn-title wellson-size-default\">Endoskopija<\/h4>        \t\t    <\/div>\n        \n        \t\t\t\t<\/div>\n\t\t\t\t<\/div>\n\t\t\t\t<\/div>\n\t\t<div class=\"elementor-element elementor-element-a0f73d2 e-con-full e-flex e-con e-child\" data-id=\"a0f73d2\" data-element_type=\"container\" data-e-type=\"container\">\n\t\t\t\t<div class=\"elementor-element elementor-element-1ef5682 elementor-widget elementor-widget-image\" data-id=\"1ef5682\" data-element_type=\"widget\" data-e-type=\"widget\" data-widget_type=\"image.default\">\n\t\t\t\t<div class=\"elementor-widget-container\">\n\t\t\t\t\t\t\t\t\t\t\t\t\t\t\t<img decoding=\"async\" src=\"https:\/\/www.markomed.com\/wp-content\/uploads\/elementor\/thumbs\/Group-1-qlqc9qxfqhzq2xmd7gh6oyfifnu7e7a71rl11of8iw.png\" title=\"Group 1\" alt=\"Group 1\" loading=\"lazy\" \/>\t\t\t\t\t\t\t\t\t\t\t\t\t\t\t<\/div>\n\t\t\t\t<\/div>\n\t\t\t\t<div class=\"elementor-element elementor-element-1e647b4 elementor-widget elementor-widget-wellson_hero_title\" data-id=\"1e647b4\" data-element_type=\"widget\" data-e-type=\"widget\" data-widget_type=\"wellson_hero_title.default\">\n\t\t\t\t<div class=\"elementor-widget-container\">\n\t\t\t\t\t    \n\t    \n    <div class=\"sec-title wellson-title-wrap\">\n                \t\t<h4 class=\"te-bn-title wellson-size-default\">Invazivna gastroenterologija<\/h4>        \t\t    <\/div>\n        \n        \t\t\t\t<\/div>\n\t\t\t\t<\/div>\n\t\t\t\t<\/div>\n\t\t<div class=\"elementor-element elementor-element-6d2502d e-con-full e-flex e-con e-child\" data-id=\"6d2502d\" data-element_type=\"container\" data-e-type=\"container\">\n\t\t\t\t<div class=\"elementor-element elementor-element-1cff48d elementor-widget elementor-widget-image\" data-id=\"1cff48d\" data-element_type=\"widget\" data-e-type=\"widget\" data-widget_type=\"image.default\">\n\t\t\t\t<div class=\"elementor-widget-container\">\n\t\t\t\t\t\t\t\t\t\t\t\t\t\t\t<img decoding=\"async\" src=\"https:\/\/www.markomed.com\/wp-content\/uploads\/elementor\/thumbs\/orthopedics-ql5l5kc3dl58a3tt0xn7dm4g35pa3qati0pi31nu20.png\" title=\"orthopedics\" alt=\"orthopedics\" loading=\"lazy\" \/>\t\t\t\t\t\t\t\t\t\t\t\t\t\t\t<\/div>\n\t\t\t\t<\/div>\n\t\t\t\t<div class=\"elementor-element elementor-element-c916397 elementor-widget elementor-widget-wellson_hero_title\" data-id=\"c916397\" data-element_type=\"widget\" data-e-type=\"widget\" data-widget_type=\"wellson_hero_title.default\">\n\t\t\t\t<div class=\"elementor-widget-container\">\n\t\t\t\t\t    \n\t    \n    <div class=\"sec-title wellson-title-wrap\">\n                \t\t<h4 class=\"te-bn-title wellson-size-default\">Ortopedija i traumatologija\n\n\n\n\n\n\n<\/h4>        \t\t    <\/div>\n        \n        \t\t\t\t<\/div>\n\t\t\t\t<\/div>\n\t\t\t\t<\/div>\n\t\t<div class=\"elementor-element elementor-element-432c852 e-con-full e-flex e-con e-child\" data-id=\"432c852\" data-element_type=\"container\" data-e-type=\"container\">\n\t\t\t\t<div class=\"elementor-element elementor-element-a9a2e84 elementor-widget elementor-widget-image\" data-id=\"a9a2e84\" data-element_type=\"widget\" data-e-type=\"widget\" data-widget_type=\"image.default\">\n\t\t\t\t<div class=\"elementor-widget-container\">\n\t\t\t\t\t\t\t\t\t\t\t\t\t\t\t<img decoding=\"async\" src=\"https:\/\/www.markomed.com\/wp-content\/uploads\/elementor\/thumbs\/medical-scan-ql5l5igezx2nmvwjbwty8mliwdyjoc3ctrej4hqmeg.png\" title=\"medical-scan\" alt=\"medical-scan\" loading=\"lazy\" \/>\t\t\t\t\t\t\t\t\t\t\t\t\t\t\t<\/div>\n\t\t\t\t<\/div>\n\t\t\t\t<div class=\"elementor-element elementor-element-3f7fcba elementor-widget elementor-widget-wellson_hero_title\" data-id=\"3f7fcba\" data-element_type=\"widget\" data-e-type=\"widget\" data-widget_type=\"wellson_hero_title.default\">\n\t\t\t\t<div class=\"elementor-widget-container\">\n\t\t\t\t\t    \n\t    \n    <div class=\"sec-title wellson-title-wrap\">\n                \t\t<h4 class=\"te-bn-title wellson-size-default\">Interventna radiologija i neuroradiologija\n<\/h4>        \t\t    <\/div>\n        \n        \t\t\t\t<\/div>\n\t\t\t\t<\/div>\n\t\t\t\t<\/div>\n\t\t<div class=\"elementor-element elementor-element-80ed702 e-con-full e-flex e-con e-child\" data-id=\"80ed702\" data-element_type=\"container\" data-e-type=\"container\">\n\t\t\t\t<div class=\"elementor-element elementor-element-d59c1ad elementor-widget elementor-widget-image\" data-id=\"d59c1ad\" data-element_type=\"widget\" data-e-type=\"widget\" data-widget_type=\"image.default\">\n\t\t\t\t<div class=\"elementor-widget-container\">\n\t\t\t\t\t\t\t\t\t\t\t\t\t\t\t<img decoding=\"async\" src=\"https:\/\/www.markomed.com\/wp-content\/uploads\/elementor\/thumbs\/pediatrician-ql5l5m7rr97sxbr2pyggilnd9xg0j4ia6a0h1ll1pk.png\" title=\"pediatrician\" alt=\"pediatrician\" loading=\"lazy\" \/>\t\t\t\t\t\t\t\t\t\t\t\t\t\t\t<\/div>\n\t\t\t\t<\/div>\n\t\t\t\t<div class=\"elementor-element elementor-element-7834785 elementor-widget elementor-widget-wellson_hero_title\" data-id=\"7834785\" data-element_type=\"widget\" data-e-type=\"widget\" data-widget_type=\"wellson_hero_title.default\">\n\t\t\t\t<div class=\"elementor-widget-container\">\n\t\t\t\t\t    \n\t    \n    <div class=\"sec-title wellson-title-wrap\">\n                \t\t<h4 class=\"te-bn-title wellson-size-default\">Pedijatrija i neonatologija\n\n\n\n\n\n\n<\/h4>        \t\t    <\/div>\n        \n        \t\t\t\t<\/div>\n\t\t\t\t<\/div>\n\t\t\t\t<\/div>\n\t\t<div class=\"elementor-element elementor-element-d0a52cf e-con-full e-flex e-con e-child\" data-id=\"d0a52cf\" data-element_type=\"container\" data-e-type=\"container\">\n\t\t\t\t<div class=\"elementor-element elementor-element-c6d5b2d elementor-widget elementor-widget-image\" data-id=\"c6d5b2d\" data-element_type=\"widget\" data-e-type=\"widget\" data-widget_type=\"image.default\">\n\t\t\t\t<div class=\"elementor-widget-container\">\n\t\t\t\t\t\t\t\t\t\t\t\t\t\t\t<img decoding=\"async\" src=\"https:\/\/www.markomed.com\/wp-content\/uploads\/elementor\/thumbs\/urology-ql5l5p1abrbnw5mz9hoc82xr232467th6nyxhfgv6w.png\" title=\"urology\" alt=\"urology\" loading=\"lazy\" \/>\t\t\t\t\t\t\t\t\t\t\t\t\t\t\t<\/div>\n\t\t\t\t<\/div>\n\t\t\t\t<div class=\"elementor-element elementor-element-1e8ec21 elementor-widget elementor-widget-wellson_hero_title\" data-id=\"1e8ec21\" data-element_type=\"widget\" data-e-type=\"widget\" data-widget_type=\"wellson_hero_title.default\">\n\t\t\t\t<div class=\"elementor-widget-container\">\n\t\t\t\t\t    \n\t    \n    <div class=\"sec-title wellson-title-wrap\">\n                \t\t<h4 class=\"te-bn-title wellson-size-default\">Urologija<\/h4>        \t\t    <\/div>\n        \n        \t\t\t\t<\/div>\n\t\t\t\t<\/div>\n\t\t\t\t<\/div>\n\t\t<div class=\"elementor-element elementor-element-fef9d84 e-con-full e-flex e-con e-child\" data-id=\"fef9d84\" data-element_type=\"container\" data-e-type=\"container\">\n\t\t\t\t<div class=\"elementor-element elementor-element-94f354e elementor-widget elementor-widget-image\" data-id=\"94f354e\" data-element_type=\"widget\" data-e-type=\"widget\" data-widget_type=\"image.default\">\n\t\t\t\t<div class=\"elementor-widget-container\">\n\t\t\t\t\t\t\t\t\t\t\t\t\t\t\t<img decoding=\"async\" src=\"https:\/\/www.markomed.com\/wp-content\/uploads\/elementor\/thumbs\/anesthesia-ql5l5fmwfeyso20msdm2j5b548cg18s5tdg2onusx4.png\" title=\"anesthesia\" alt=\"anesthesia\" loading=\"lazy\" \/>\t\t\t\t\t\t\t\t\t\t\t\t\t\t\t<\/div>\n\t\t\t\t<\/div>\n\t\t\t\t<div class=\"elementor-element elementor-element-6ee3480 elementor-widget elementor-widget-wellson_hero_title\" data-id=\"6ee3480\" data-element_type=\"widget\" data-e-type=\"widget\" data-widget_type=\"wellson_hero_title.default\">\n\t\t\t\t<div class=\"elementor-widget-container\">\n\t\t\t\t\t    \n\t    \n    <div class=\"sec-title wellson-title-wrap\">\n                \t\t<h4 class=\"te-bn-title wellson-size-default\">Anesteziologija i intenzivna njega\n<\/h4>        \t\t    <\/div>\n        \n        \t\t\t\t<\/div>\n\t\t\t\t<\/div>\n\t\t\t\t<\/div>\n\t\t\t\t\t<\/div>\n\t\t\t\t<\/div>\n\t\t\t\t<\/div>\n\t\t","protected":false},"excerpt":{"rendered":"<p>Markomed Portfolio Markomed Ltd. je ovla\u0161teni predstavnik renomiranih globalnih proizvo\u0111a\u010da medicinskih ure\u0111aja u: Kirurgija Invazivna kardologija Pulmologija Endoskopija Invazivna gastroenterologija Ortopedija i traumatologija Interventna radiologija i neuroradiologija Pedijatrija i neonatologija Urologija Anesteziologija i intenzivna njega<\/p>\n","protected":false},"author":1,"featured_media":0,"parent":0,"menu_order":0,"comment_status":"closed","ping_status":"closed","template":"tpl-default-elementor.php","meta":{"inline_featured_image":false,"footnotes":""},"class_list":["post-4263","page","type-page","status-publish","hentry"],"yoast_head":"<!-- This site is optimized with the Yoast SEO plugin v27.5 - https:\/\/yoast.com\/product\/yoast-seo-wordpress\/ -->\n<title>Portfolio - Markomed<\/title>\n<meta name=\"description\" content=\"Markomed, kao pouzdan partner za promociju i distribuciju proizvo\u0111a\u010da medicinskih ure\u0111aja, nudi zdravstvenim djelatnicima i zdravstvenim ustanovama najnovija tehnolo\u0161ka dostignu\u0107a u medicinskim ure\u0111ajima.\" \/>\n<meta name=\"robots\" content=\"index, follow, max-snippet:-1, max-image-preview:large, max-video-preview:-1\" \/>\n<link rel=\"canonical\" href=\"https:\/\/www.markomed.com\/hr\/portfolio\/\" \/>\n<meta property=\"og:locale\" content=\"hr_HR\" \/>\n<meta property=\"og:type\" content=\"article\" \/>\n<meta property=\"og:title\" content=\"Portfolio - Markomed\" \/>\n<meta property=\"og:description\" content=\"Markomed, kao pouzdan partner za promociju i distribuciju proizvo\u0111a\u010da medicinskih ure\u0111aja, nudi zdravstvenim djelatnicima i zdravstvenim ustanovama najnovija tehnolo\u0161ka dostignu\u0107a u medicinskim ure\u0111ajima.\" \/>\n<meta property=\"og:url\" content=\"https:\/\/www.markomed.com\/hr\/portfolio\/\" \/>\n<meta property=\"og:site_name\" content=\"Markomed\" \/>\n<meta property=\"article:modified_time\" content=\"2024-06-11T12:59:49+00:00\" \/>\n<meta property=\"og:image\" content=\"https:\/\/www.markomed.com\/wp-content\/uploads\/elementor\/thumbs\/plastic-surgery-ql5l5o3g4xadkjocez9pnl6agp6qyipqujbg05i9d4.png\" \/>\n<meta name=\"twitter:card\" content=\"summary_large_image\" \/>\n<meta name=\"twitter:label1\" content=\"Procijenjeno vrijeme \u010ditanja\" \/>\n\t<meta name=\"twitter:data1\" content=\"3 minute\" \/>\n<script type=\"application\/ld+json\" class=\"yoast-schema-graph\">{\"@context\":\"https:\\\/\\\/schema.org\",\"@graph\":[{\"@type\":\"WebPage\",\"@id\":\"https:\\\/\\\/www.markomed.com\\\/hr\\\/portfolio\\\/\",\"url\":\"https:\\\/\\\/www.markomed.com\\\/hr\\\/portfolio\\\/\",\"name\":\"Portfolio - Markomed\",\"isPartOf\":{\"@id\":\"https:\\\/\\\/www.markomed.com\\\/hr\\\/#website\"},\"primaryImageOfPage\":{\"@id\":\"https:\\\/\\\/www.markomed.com\\\/hr\\\/portfolio\\\/#primaryimage\"},\"image\":{\"@id\":\"https:\\\/\\\/www.markomed.com\\\/hr\\\/portfolio\\\/#primaryimage\"},\"thumbnailUrl\":\"https:\\\/\\\/www.markomed.com\\\/wp-content\\\/uploads\\\/elementor\\\/thumbs\\\/plastic-surgery-ql5l5o3g4xadkjocez9pnl6agp6qyipqujbg05i9d4.png\",\"datePublished\":\"2024-05-13T08:18:05+00:00\",\"dateModified\":\"2024-06-11T12:59:49+00:00\",\"description\":\"Markomed, kao pouzdan partner za promociju i distribuciju proizvo\u0111a\u010da medicinskih ure\u0111aja, nudi zdravstvenim djelatnicima i zdravstvenim ustanovama najnovija tehnolo\u0161ka dostignu\u0107a u medicinskim ure\u0111ajima.\",\"breadcrumb\":{\"@id\":\"https:\\\/\\\/www.markomed.com\\\/hr\\\/portfolio\\\/#breadcrumb\"},\"inLanguage\":\"hr\",\"potentialAction\":[{\"@type\":\"ReadAction\",\"target\":[\"https:\\\/\\\/www.markomed.com\\\/hr\\\/portfolio\\\/\"]}]},{\"@type\":\"ImageObject\",\"inLanguage\":\"hr\",\"@id\":\"https:\\\/\\\/www.markomed.com\\\/hr\\\/portfolio\\\/#primaryimage\",\"url\":\"https:\\\/\\\/www.markomed.com\\\/wp-content\\\/uploads\\\/elementor\\\/thumbs\\\/plastic-surgery-ql5l5o3g4xadkjocez9pnl6agp6qyipqujbg05i9d4.png\",\"contentUrl\":\"https:\\\/\\\/www.markomed.com\\\/wp-content\\\/uploads\\\/elementor\\\/thumbs\\\/plastic-surgery-ql5l5o3g4xadkjocez9pnl6agp6qyipqujbg05i9d4.png\"},{\"@type\":\"BreadcrumbList\",\"@id\":\"https:\\\/\\\/www.markomed.com\\\/hr\\\/portfolio\\\/#breadcrumb\",\"itemListElement\":[{\"@type\":\"ListItem\",\"position\":1,\"name\":\"Home\",\"item\":\"https:\\\/\\\/www.markomed.com\\\/hr\\\/\"},{\"@type\":\"ListItem\",\"position\":2,\"name\":\"Portfolio\"}]},{\"@type\":\"WebSite\",\"@id\":\"https:\\\/\\\/www.markomed.com\\\/hr\\\/#website\",\"url\":\"https:\\\/\\\/www.markomed.com\\\/hr\\\/\",\"name\":\"Markomed\",\"description\":\"At the forefront of patient\u2019s outcome\",\"publisher\":{\"@id\":\"https:\\\/\\\/www.markomed.com\\\/hr\\\/#organization\"},\"alternateName\":\"Markomed\",\"potentialAction\":[{\"@type\":\"SearchAction\",\"target\":{\"@type\":\"EntryPoint\",\"urlTemplate\":\"https:\\\/\\\/www.markomed.com\\\/hr\\\/?s={search_term_string}\"},\"query-input\":{\"@type\":\"PropertyValueSpecification\",\"valueRequired\":true,\"valueName\":\"search_term_string\"}}],\"inLanguage\":\"hr\"},{\"@type\":\"Organization\",\"@id\":\"https:\\\/\\\/www.markomed.com\\\/hr\\\/#organization\",\"name\":\"Markomed\",\"alternateName\":\"Markomed Ltd.\",\"url\":\"https:\\\/\\\/www.markomed.com\\\/hr\\\/\",\"logo\":{\"@type\":\"ImageObject\",\"inLanguage\":\"hr\",\"@id\":\"https:\\\/\\\/www.markomed.com\\\/hr\\\/#\\\/schema\\\/logo\\\/image\\\/\",\"url\":\"https:\\\/\\\/www.markomed.com\\\/wp-content\\\/uploads\\\/2024\\\/03\\\/Untitled-design-1.svg\",\"contentUrl\":\"https:\\\/\\\/www.markomed.com\\\/wp-content\\\/uploads\\\/2024\\\/03\\\/Untitled-design-1.svg\",\"width\":40,\"height\":40,\"caption\":\"Markomed\"},\"image\":{\"@id\":\"https:\\\/\\\/www.markomed.com\\\/hr\\\/#\\\/schema\\\/logo\\\/image\\\/\"}}]}<\/script>\n<!-- \/ Yoast SEO plugin. -->","yoast_head_json":{"title":"Portfolio - Markomed","description":"Markomed, kao pouzdan partner za promociju i distribuciju proizvo\u0111a\u010da medicinskih ure\u0111aja, nudi zdravstvenim djelatnicima i zdravstvenim ustanovama najnovija tehnolo\u0161ka dostignu\u0107a u medicinskim ure\u0111ajima.","robots":{"index":"index","follow":"follow","max-snippet":"max-snippet:-1","max-image-preview":"max-image-preview:large","max-video-preview":"max-video-preview:-1"},"canonical":"https:\/\/www.markomed.com\/hr\/portfolio\/","og_locale":"hr_HR","og_type":"article","og_title":"Portfolio - Markomed","og_description":"Markomed, kao pouzdan partner za promociju i distribuciju proizvo\u0111a\u010da medicinskih ure\u0111aja, nudi zdravstvenim djelatnicima i zdravstvenim ustanovama najnovija tehnolo\u0161ka dostignu\u0107a u medicinskim ure\u0111ajima.","og_url":"https:\/\/www.markomed.com\/hr\/portfolio\/","og_site_name":"Markomed","article_modified_time":"2024-06-11T12:59:49+00:00","og_image":[{"url":"https:\/\/www.markomed.com\/wp-content\/uploads\/elementor\/thumbs\/plastic-surgery-ql5l5o3g4xadkjocez9pnl6agp6qyipqujbg05i9d4.png","type":"","width":"","height":""}],"twitter_card":"summary_large_image","twitter_misc":{"Procijenjeno vrijeme \u010ditanja":"3 minute"},"schema":{"@context":"https:\/\/schema.org","@graph":[{"@type":"WebPage","@id":"https:\/\/www.markomed.com\/hr\/portfolio\/","url":"https:\/\/www.markomed.com\/hr\/portfolio\/","name":"Portfolio - Markomed","isPartOf":{"@id":"https:\/\/www.markomed.com\/hr\/#website"},"primaryImageOfPage":{"@id":"https:\/\/www.markomed.com\/hr\/portfolio\/#primaryimage"},"image":{"@id":"https:\/\/www.markomed.com\/hr\/portfolio\/#primaryimage"},"thumbnailUrl":"https:\/\/www.markomed.com\/wp-content\/uploads\/elementor\/thumbs\/plastic-surgery-ql5l5o3g4xadkjocez9pnl6agp6qyipqujbg05i9d4.png","datePublished":"2024-05-13T08:18:05+00:00","dateModified":"2024-06-11T12:59:49+00:00","description":"Markomed, kao pouzdan partner za promociju i distribuciju proizvo\u0111a\u010da medicinskih ure\u0111aja, nudi zdravstvenim djelatnicima i zdravstvenim ustanovama najnovija tehnolo\u0161ka dostignu\u0107a u medicinskim ure\u0111ajima.","breadcrumb":{"@id":"https:\/\/www.markomed.com\/hr\/portfolio\/#breadcrumb"},"inLanguage":"hr","potentialAction":[{"@type":"ReadAction","target":["https:\/\/www.markomed.com\/hr\/portfolio\/"]}]},{"@type":"ImageObject","inLanguage":"hr","@id":"https:\/\/www.markomed.com\/hr\/portfolio\/#primaryimage","url":"https:\/\/www.markomed.com\/wp-content\/uploads\/elementor\/thumbs\/plastic-surgery-ql5l5o3g4xadkjocez9pnl6agp6qyipqujbg05i9d4.png","contentUrl":"https:\/\/www.markomed.com\/wp-content\/uploads\/elementor\/thumbs\/plastic-surgery-ql5l5o3g4xadkjocez9pnl6agp6qyipqujbg05i9d4.png"},{"@type":"BreadcrumbList","@id":"https:\/\/www.markomed.com\/hr\/portfolio\/#breadcrumb","itemListElement":[{"@type":"ListItem","position":1,"name":"Home","item":"https:\/\/www.markomed.com\/hr\/"},{"@type":"ListItem","position":2,"name":"Portfolio"}]},{"@type":"WebSite","@id":"https:\/\/www.markomed.com\/hr\/#website","url":"https:\/\/www.markomed.com\/hr\/","name":"Markomed","description":"At the forefront of patient\u2019s outcome","publisher":{"@id":"https:\/\/www.markomed.com\/hr\/#organization"},"alternateName":"Markomed","potentialAction":[{"@type":"SearchAction","target":{"@type":"EntryPoint","urlTemplate":"https:\/\/www.markomed.com\/hr\/?s={search_term_string}"},"query-input":{"@type":"PropertyValueSpecification","valueRequired":true,"valueName":"search_term_string"}}],"inLanguage":"hr"},{"@type":"Organization","@id":"https:\/\/www.markomed.com\/hr\/#organization","name":"Markomed","alternateName":"Markomed Ltd.","url":"https:\/\/www.markomed.com\/hr\/","logo":{"@type":"ImageObject","inLanguage":"hr","@id":"https:\/\/www.markomed.com\/hr\/#\/schema\/logo\/image\/","url":"https:\/\/www.markomed.com\/wp-content\/uploads\/2024\/03\/Untitled-design-1.svg","contentUrl":"https:\/\/www.markomed.com\/wp-content\/uploads\/2024\/03\/Untitled-design-1.svg","width":40,"height":40,"caption":"Markomed"},"image":{"@id":"https:\/\/www.markomed.com\/hr\/#\/schema\/logo\/image\/"}}]}},"_links":{"self":[{"href":"https:\/\/www.markomed.com\/hr\/wp-json\/wp\/v2\/pages\/4263","targetHints":{"allow":["GET"]}}],"collection":[{"href":"https:\/\/www.markomed.com\/hr\/wp-json\/wp\/v2\/pages"}],"about":[{"href":"https:\/\/www.markomed.com\/hr\/wp-json\/wp\/v2\/types\/page"}],"author":[{"embeddable":true,"href":"https:\/\/www.markomed.com\/hr\/wp-json\/wp\/v2\/users\/1"}],"replies":[{"embeddable":true,"href":"https:\/\/www.markomed.com\/hr\/wp-json\/wp\/v2\/comments?post=4263"}],"version-history":[{"count":0,"href":"https:\/\/www.markomed.com\/hr\/wp-json\/wp\/v2\/pages\/4263\/revisions"}],"wp:attachment":[{"href":"https:\/\/www.markomed.com\/hr\/wp-json\/wp\/v2\/media?parent=4263"}],"curies":[{"name":"wp","href":"https:\/\/api.w.org\/{rel}","templated":true}]}}