{"id":4264,"date":"2024-06-11T07:53:16","date_gmt":"2024-06-11T07:53:16","guid":{"rendered":"https:\/\/www.markomed.com\/privacy-policy\/"},"modified":"2024-06-17T06:49:17","modified_gmt":"2024-06-17T06:49:17","slug":"privacy-policy","status":"publish","type":"page","link":"https:\/\/www.markomed.com\/hr\/privacy-policy\/","title":{"rendered":"Politika privatnosti"},"content":{"rendered":"\t\t<div data-elementor-type=\"wp-page\" data-elementor-id=\"4264\" class=\"elementor elementor-4264 elementor-4224\">\n\t\t\t\t<div class=\"elementor-element elementor-element-7a263f0 e-flex e-con-boxed e-con e-parent\" data-id=\"7a263f0\" data-element_type=\"container\" data-e-type=\"container\">\n\t\t\t\t\t<div class=\"e-con-inner\">\n\t\t\t\t<div class=\"elementor-element elementor-element-45db95a elementor-widget elementor-widget-text-editor\" data-id=\"45db95a\" data-element_type=\"widget\" data-e-type=\"widget\" data-widget_type=\"text-editor.default\">\n\t\t\t\t<div class=\"elementor-widget-container\">\n\t\t\t\t\t\t\t\t\t<h2>Pravila privatnosti<\/h2><h4>Tko smo mi<\/h4><p>Adresa na\u0161e web-stranice je: https:\/\/markomed.com<\/p><p>\u00a0<\/p><h4>Komentari<\/h4><p>Kada posjetitelji ostavljaju komentare na stranici, prikupljamo podatke prikazane u obrascu za komentare, kao i IP adresu posjetitelja i niz korisni\u010dkog agenta preglednika kako bismo pomogli u otkrivanju ne\u017eeljene po\u0161te.<\/p><p>Anonimizirani niz stvoren iz va\u0161e e-mail adrese (tako\u0111er nazvan hash) mo\u017ee biti dostavljen Gravatar servisu kako bi se provjerilo koristite li ga. Pravila privatnosti Gravatar servisa dostupna su ovdje. Nakon odobrenja va\u0161eg komentara, va\u0161a profilna slika je vidljiva javnosti u kontekstu va\u0161eg komentara.<\/p><p>\u00a0<\/p><h4>Mediji<\/h4><p>Ako u\u010ditavate slike na web-stranicu, trebali biste izbjegavati u\u010ditavanje slika s ugra\u0111enim podacima o lokaciji (EXIF GPS). Posjetitelji web-stranice mogu preuzeti i izvu\u0107i bilo koje podatke o lokaciji iz slika na web-stranici.<\/p><p>\u00a0<\/p><h4>Kola\u010di\u0107i<\/h4><p>Ako ostavite komentar na na\u0161oj stranici, mo\u017eete se odlu\u010diti za spremanje va\u0161eg imena, e-mail adrese i web-stranice u kola\u010di\u0107e. Ovo je za va\u0161u udobnost kako ne biste morali ponovno ispunjavati svoje podatke kada ostavite drugi komentar. Ovi kola\u010di\u0107i \u0107e trajati jednu godinu.<\/p><p>Ako posjetite na\u0161u stranicu za prijavu, postavit \u0107emo privremeni kola\u010di\u0107 kako bismo utvrdili prihva\u0107a li va\u0161 preglednik kola\u010di\u0107e. Ovaj kola\u010di\u0107 ne sadr\u017ei osobne podatke i odbacuje se kada zatvorite preglednik.<\/p><p>Kada se prijavite, tako\u0111er \u0107emo postaviti nekoliko kola\u010di\u0107a kako bismo spremili va\u0161e podatke za prijavu i va\u0161e izbore prikaza na ekranu. Kola\u010di\u0107i za prijavu traju dva dana, a kola\u010di\u0107i opcija zaslona traju godinu dana. Ako odaberete &#8220;Zapamti me&#8221;, va\u0161a prijava \u0107e trajati dva tjedna. Ako se odjavite iz svog ra\u010duna, kola\u010di\u0107i za prijavu \u0107e biti uklonjeni.<\/p><p>Ako uredite ili objavite \u010dlanak, dodatni kola\u010di\u0107 \u0107e biti spremljen u va\u0161em pregledniku. Ovaj kola\u010di\u0107 ne sadr\u017ei osobne podatke i jednostavno ozna\u010dava ID posta \u010dlanka koji ste upravo uredili. Isti\u010de nakon 1 dana.<\/p><p>\u00a0<\/p><h4>Ugra\u0111eni sadr\u017eaj s drugih web-stranica<\/h4><p>\u010clanci na ovoj stranici mogu uklju\u010divati ugra\u0111eni sadr\u017eaj (npr. videa, slike, \u010dlanke, itd.). Ugra\u0111eni sadr\u017eaj s drugih web-stranica pona\u0161a se na isti na\u010din kao da je posjetitelj posjetio drugu web-stranicu.<\/p><p>Te web-stranice mogu prikupljati podatke o vama, koristiti kola\u010di\u0107e, ugra\u0111ivati dodatno pra\u0107enje tre\u0107e strane i nadzirati va\u0161u interakciju s tim ugra\u0111enim sadr\u017eajem, uklju\u010duju\u0107i pra\u0107enje va\u0161e interakcije s ugra\u0111enim sadr\u017eajem ako imate ra\u010dun i prijavljeni ste na tu web-stranicu.<\/p><p>\u00a0<\/p><h4>S kime dijelimo va\u0161e podatke<\/h4><p>Ako zatra\u017eite resetiranje lozinke, va\u0161a IP adresa \u0107e biti uklju\u010dena u e-mail za resetiranje.<\/p><p>Koliko dugo zadr\u017eavamo va\u0161e podatke<\/p><p>Ako ostavite komentar, komentar i njegovi metapodaci zadr\u017eavaju se neograni\u010deno. To je zato da mo\u017eemo automatski prepoznati i odobriti bilo kakve naknadne komentare umjesto da ih dr\u017eimo u redu za moderiranje.<\/p><p>Za korisnike koji se registriraju na na\u0161oj web-stranici (ako ih ima), tako\u0111er pohranjujemo osobne podatke koje pru\u017eaju u svom korisni\u010dkom profilu. Svi korisnici mogu vidjeti, urediti ili izbrisati svoje osobne podatke u bilo koje vrijeme (osim \u0161to ne mogu promijeniti svoje korisni\u010dko ime). Administratori web-stranice tako\u0111er mogu vidjeti i urediti te informacije.<\/p><p>Koja prava imate nad svojim podacima<\/p><p>Ako imate ra\u010dun na ovoj stranici ili ste ostavili komentare, mo\u017eete zatra\u017eiti da primite izvezenu datoteku osobnih podataka koje dr\u017eimo o vama, uklju\u010duju\u0107i bilo koje podatke koje ste nam pru\u017eili. Tako\u0111er mo\u017eete zatra\u017eiti da izbri\u0161emo bilo koje osobne podatke koje dr\u017eimo o vama. Ovo ne uklju\u010duje bilo koje podatke koje smo obvezni \u010duvati u administrativne, pravne ili sigurnosne svrhe.<\/p><p>\u00a0<\/p><h4>Gdje se \u0161alju va\u0161i podaci<\/h4><p>Komentari posjetitelja mogu se provjeriti putem automatske usluge za otkrivanje ne\u017eeljene po\u0161te.<\/p>\t\t\t\t\t\t\t\t<\/div>\n\t\t\t\t<\/div>\n\t\t\t\t\t<\/div>\n\t\t\t\t<\/div>\n\t\t\t\t<\/div>\n\t\t","protected":false},"excerpt":{"rendered":"<p>Pravila privatnosti Tko smo mi Adresa na\u0161e web-stranice je: https:\/\/markomed.com \u00a0 Komentari Kada posjetitelji ostavljaju komentare na stranici, prikupljamo podatke prikazane u obrascu za komentare, kao i IP adresu posjetitelja i niz korisni\u010dkog agenta preglednika kako bismo pomogli u otkrivanju ne\u017eeljene po\u0161te. Anonimizirani niz stvoren iz va\u0161e e-mail adrese (tako\u0111er nazvan hash) mo\u017ee biti dostavljen [&hellip;]<\/p>\n","protected":false},"author":1,"featured_media":0,"parent":0,"menu_order":0,"comment_status":"closed","ping_status":"closed","template":"","meta":{"inline_featured_image":false,"footnotes":""},"class_list":["post-4264","page","type-page","status-publish","hentry"],"yoast_head":"<!-- This site is optimized with the Yoast SEO plugin v27.5 - https:\/\/yoast.com\/product\/yoast-seo-wordpress\/ -->\n<title>Politika privatnosti - Markomed<\/title>\n<meta name=\"description\" content=\"Markomed, kao pouzdan partner za promociju i distribuciju proizvo\u0111a\u010da medicinskih ure\u0111aja, nudi zdravstvenim djelatnicima i zdravstvenim ustanovama najnovija tehnolo\u0161ka dostignu\u0107a u medicinskim ure\u0111ajima.\" \/>\n<meta name=\"robots\" content=\"index, follow, max-snippet:-1, max-image-preview:large, max-video-preview:-1\" \/>\n<link rel=\"canonical\" href=\"https:\/\/www.markomed.com\/hr\/privacy-policy\/\" \/>\n<meta property=\"og:locale\" content=\"hr_HR\" \/>\n<meta property=\"og:type\" content=\"article\" \/>\n<meta property=\"og:title\" content=\"Politika privatnosti - Markomed\" \/>\n<meta property=\"og:description\" content=\"Markomed, kao pouzdan partner za promociju i distribuciju proizvo\u0111a\u010da medicinskih ure\u0111aja, nudi zdravstvenim djelatnicima i zdravstvenim ustanovama najnovija tehnolo\u0161ka dostignu\u0107a u medicinskim ure\u0111ajima.\" \/>\n<meta property=\"og:url\" content=\"https:\/\/www.markomed.com\/hr\/privacy-policy\/\" \/>\n<meta property=\"og:site_name\" content=\"Markomed\" \/>\n<meta property=\"article:modified_time\" content=\"2024-06-17T06:49:17+00:00\" \/>\n<meta name=\"twitter:card\" content=\"summary_large_image\" \/>\n<meta name=\"twitter:label1\" content=\"Procijenjeno vrijeme \u010ditanja\" \/>\n\t<meta name=\"twitter:data1\" content=\"3 minute\" \/>\n<script type=\"application\/ld+json\" class=\"yoast-schema-graph\">{\"@context\":\"https:\\\/\\\/schema.org\",\"@graph\":[{\"@type\":\"WebPage\",\"@id\":\"https:\\\/\\\/www.markomed.com\\\/hr\\\/privacy-policy\\\/\",\"url\":\"https:\\\/\\\/www.markomed.com\\\/hr\\\/privacy-policy\\\/\",\"name\":\"Politika privatnosti - Markomed\",\"isPartOf\":{\"@id\":\"https:\\\/\\\/www.markomed.com\\\/hr\\\/#website\"},\"datePublished\":\"2024-06-11T07:53:16+00:00\",\"dateModified\":\"2024-06-17T06:49:17+00:00\",\"description\":\"Markomed, kao pouzdan partner za promociju i distribuciju proizvo\u0111a\u010da medicinskih ure\u0111aja, nudi zdravstvenim djelatnicima i zdravstvenim ustanovama najnovija tehnolo\u0161ka dostignu\u0107a u medicinskim ure\u0111ajima.\",\"breadcrumb\":{\"@id\":\"https:\\\/\\\/www.markomed.com\\\/hr\\\/privacy-policy\\\/#breadcrumb\"},\"inLanguage\":\"hr\",\"potentialAction\":[{\"@type\":\"ReadAction\",\"target\":[\"https:\\\/\\\/www.markomed.com\\\/hr\\\/privacy-policy\\\/\"]}]},{\"@type\":\"BreadcrumbList\",\"@id\":\"https:\\\/\\\/www.markomed.com\\\/hr\\\/privacy-policy\\\/#breadcrumb\",\"itemListElement\":[{\"@type\":\"ListItem\",\"position\":1,\"name\":\"Home\",\"item\":\"https:\\\/\\\/www.markomed.com\\\/hr\\\/\"},{\"@type\":\"ListItem\",\"position\":2,\"name\":\"Politika privatnosti\"}]},{\"@type\":\"WebSite\",\"@id\":\"https:\\\/\\\/www.markomed.com\\\/hr\\\/#website\",\"url\":\"https:\\\/\\\/www.markomed.com\\\/hr\\\/\",\"name\":\"Markomed\",\"description\":\"At the forefront of patient\u2019s outcome\",\"publisher\":{\"@id\":\"https:\\\/\\\/www.markomed.com\\\/hr\\\/#organization\"},\"alternateName\":\"Markomed\",\"potentialAction\":[{\"@type\":\"SearchAction\",\"target\":{\"@type\":\"EntryPoint\",\"urlTemplate\":\"https:\\\/\\\/www.markomed.com\\\/hr\\\/?s={search_term_string}\"},\"query-input\":{\"@type\":\"PropertyValueSpecification\",\"valueRequired\":true,\"valueName\":\"search_term_string\"}}],\"inLanguage\":\"hr\"},{\"@type\":\"Organization\",\"@id\":\"https:\\\/\\\/www.markomed.com\\\/hr\\\/#organization\",\"name\":\"Markomed\",\"alternateName\":\"Markomed Ltd.\",\"url\":\"https:\\\/\\\/www.markomed.com\\\/hr\\\/\",\"logo\":{\"@type\":\"ImageObject\",\"inLanguage\":\"hr\",\"@id\":\"https:\\\/\\\/www.markomed.com\\\/hr\\\/#\\\/schema\\\/logo\\\/image\\\/\",\"url\":\"https:\\\/\\\/www.markomed.com\\\/wp-content\\\/uploads\\\/2024\\\/03\\\/Untitled-design-1.svg\",\"contentUrl\":\"https:\\\/\\\/www.markomed.com\\\/wp-content\\\/uploads\\\/2024\\\/03\\\/Untitled-design-1.svg\",\"width\":40,\"height\":40,\"caption\":\"Markomed\"},\"image\":{\"@id\":\"https:\\\/\\\/www.markomed.com\\\/hr\\\/#\\\/schema\\\/logo\\\/image\\\/\"}}]}<\/script>\n<!-- \/ Yoast SEO plugin. -->","yoast_head_json":{"title":"Politika privatnosti - Markomed","description":"Markomed, kao pouzdan partner za promociju i distribuciju proizvo\u0111a\u010da medicinskih ure\u0111aja, nudi zdravstvenim djelatnicima i zdravstvenim ustanovama najnovija tehnolo\u0161ka dostignu\u0107a u medicinskim ure\u0111ajima.","robots":{"index":"index","follow":"follow","max-snippet":"max-snippet:-1","max-image-preview":"max-image-preview:large","max-video-preview":"max-video-preview:-1"},"canonical":"https:\/\/www.markomed.com\/hr\/privacy-policy\/","og_locale":"hr_HR","og_type":"article","og_title":"Politika privatnosti - Markomed","og_description":"Markomed, kao pouzdan partner za promociju i distribuciju proizvo\u0111a\u010da medicinskih ure\u0111aja, nudi zdravstvenim djelatnicima i zdravstvenim ustanovama najnovija tehnolo\u0161ka dostignu\u0107a u medicinskim ure\u0111ajima.","og_url":"https:\/\/www.markomed.com\/hr\/privacy-policy\/","og_site_name":"Markomed","article_modified_time":"2024-06-17T06:49:17+00:00","twitter_card":"summary_large_image","twitter_misc":{"Procijenjeno vrijeme \u010ditanja":"3 minute"},"schema":{"@context":"https:\/\/schema.org","@graph":[{"@type":"WebPage","@id":"https:\/\/www.markomed.com\/hr\/privacy-policy\/","url":"https:\/\/www.markomed.com\/hr\/privacy-policy\/","name":"Politika privatnosti - Markomed","isPartOf":{"@id":"https:\/\/www.markomed.com\/hr\/#website"},"datePublished":"2024-06-11T07:53:16+00:00","dateModified":"2024-06-17T06:49:17+00:00","description":"Markomed, kao pouzdan partner za promociju i distribuciju proizvo\u0111a\u010da medicinskih ure\u0111aja, nudi zdravstvenim djelatnicima i zdravstvenim ustanovama najnovija tehnolo\u0161ka dostignu\u0107a u medicinskim ure\u0111ajima.","breadcrumb":{"@id":"https:\/\/www.markomed.com\/hr\/privacy-policy\/#breadcrumb"},"inLanguage":"hr","potentialAction":[{"@type":"ReadAction","target":["https:\/\/www.markomed.com\/hr\/privacy-policy\/"]}]},{"@type":"BreadcrumbList","@id":"https:\/\/www.markomed.com\/hr\/privacy-policy\/#breadcrumb","itemListElement":[{"@type":"ListItem","position":1,"name":"Home","item":"https:\/\/www.markomed.com\/hr\/"},{"@type":"ListItem","position":2,"name":"Politika privatnosti"}]},{"@type":"WebSite","@id":"https:\/\/www.markomed.com\/hr\/#website","url":"https:\/\/www.markomed.com\/hr\/","name":"Markomed","description":"At the forefront of patient\u2019s outcome","publisher":{"@id":"https:\/\/www.markomed.com\/hr\/#organization"},"alternateName":"Markomed","potentialAction":[{"@type":"SearchAction","target":{"@type":"EntryPoint","urlTemplate":"https:\/\/www.markomed.com\/hr\/?s={search_term_string}"},"query-input":{"@type":"PropertyValueSpecification","valueRequired":true,"valueName":"search_term_string"}}],"inLanguage":"hr"},{"@type":"Organization","@id":"https:\/\/www.markomed.com\/hr\/#organization","name":"Markomed","alternateName":"Markomed Ltd.","url":"https:\/\/www.markomed.com\/hr\/","logo":{"@type":"ImageObject","inLanguage":"hr","@id":"https:\/\/www.markomed.com\/hr\/#\/schema\/logo\/image\/","url":"https:\/\/www.markomed.com\/wp-content\/uploads\/2024\/03\/Untitled-design-1.svg","contentUrl":"https:\/\/www.markomed.com\/wp-content\/uploads\/2024\/03\/Untitled-design-1.svg","width":40,"height":40,"caption":"Markomed"},"image":{"@id":"https:\/\/www.markomed.com\/hr\/#\/schema\/logo\/image\/"}}]}},"_links":{"self":[{"href":"https:\/\/www.markomed.com\/hr\/wp-json\/wp\/v2\/pages\/4264","targetHints":{"allow":["GET"]}}],"collection":[{"href":"https:\/\/www.markomed.com\/hr\/wp-json\/wp\/v2\/pages"}],"about":[{"href":"https:\/\/www.markomed.com\/hr\/wp-json\/wp\/v2\/types\/page"}],"author":[{"embeddable":true,"href":"https:\/\/www.markomed.com\/hr\/wp-json\/wp\/v2\/users\/1"}],"replies":[{"embeddable":true,"href":"https:\/\/www.markomed.com\/hr\/wp-json\/wp\/v2\/comments?post=4264"}],"version-history":[{"count":3,"href":"https:\/\/www.markomed.com\/hr\/wp-json\/wp\/v2\/pages\/4264\/revisions"}],"predecessor-version":[{"id":4508,"href":"https:\/\/www.markomed.com\/hr\/wp-json\/wp\/v2\/pages\/4264\/revisions\/4508"}],"wp:attachment":[{"href":"https:\/\/www.markomed.com\/hr\/wp-json\/wp\/v2\/media?parent=4264"}],"curies":[{"name":"wp","href":"https:\/\/api.w.org\/{rel}","templated":true}]}}