{"id":4267,"date":"2024-06-11T07:59:16","date_gmt":"2024-06-11T07:59:16","guid":{"rendered":"https:\/\/www.markomed.com\/terms-and-conditions\/"},"modified":"2024-06-17T06:46:51","modified_gmt":"2024-06-17T06:46:51","slug":"odredbe-i-uvjeti","status":"publish","type":"page","link":"https:\/\/www.markomed.com\/hr\/odredbe-i-uvjeti\/","title":{"rendered":"Odredbe i uvjeti"},"content":{"rendered":"\t\t<div data-elementor-type=\"wp-page\" data-elementor-id=\"4267\" class=\"elementor elementor-4267 elementor-4229\">\n\t\t\t\t<div class=\"elementor-element elementor-element-7a263f0 e-flex e-con-boxed e-con e-parent\" data-id=\"7a263f0\" data-element_type=\"container\" data-e-type=\"container\">\n\t\t\t\t\t<div class=\"e-con-inner\">\n\t\t\t\t<div class=\"elementor-element elementor-element-45db95a elementor-widget elementor-widget-text-editor\" data-id=\"45db95a\" data-element_type=\"widget\" data-e-type=\"widget\" data-widget_type=\"text-editor.default\">\n\t\t\t\t<div class=\"elementor-widget-container\">\n\t\t\t\t\t\t\t\t\t<h2>Uvjeti kori\u0161tenja<\/h2><h4><br \/>Sadr\u017eaj<\/h4><p>Na\u0161a web-stranica omogu\u0107ava nam postavljanje, povezivanje, pohranjivanje, dijeljenje i ina\u010de omogu\u0107avanje odre\u0111enih informacija, teksta, grafika, videa ili drugih materijala. Vi ste odgovorni za Sadr\u017eaj koji postavljate na ili putem Usluge, uklju\u010duju\u0107i njegovu zakonitost, pouzdanost i prikladnost.<\/p><p>\u00a0<\/p><p>Postavljanjem Sadr\u017eaja na ili putem Usluge, predstavljate i jam\u010dite da: (i) Sadr\u017eaj je va\u0161 (vi ga posjedujete) i\/ili imate pravo koristiti ga te pravo dodijeliti nam prava i licencu kako je navedeno u ovim Uvjetima, i (ii) da postavljanje va\u0161eg Sadr\u017eaja na ili putem Usluge ne kr\u0161i prava privatnosti, prava javnosti, autorska prava, ugovorna prava ili bilo koja druga prava bilo koje osobe ili entiteta. Pridr\u017eavamo pravo prekinuti ra\u010dun bilo koga za koga se utvrdi da kr\u0161i autorska prava.<\/p><p>\u00a0<\/p><h4>Poveznice na druge web-stranice<\/h4><p>Na\u0161a Usluga mo\u017ee sadr\u017eavati poveznice na web-stranice ili usluge tre\u0107ih strana koje nisu u vlasni\u0161tvu ili pod kontrolom markomed.com.<\/p><p>\u00a0<\/p><p>markomed.com nema kontrolu nad, niti preuzima odgovornost za, sadr\u017eaj, pravila privatnosti ili prakse bilo kojih web-stranica ili usluga tre\u0107ih strana. Nadalje, potvr\u0111ujete i sla\u017eete se da markomed.com ne\u0107e biti odgovoran niti odgovarati, izravno ili neizravno, za bilo kakvu \u0161tetu ili gubitak uzrokovan ili navodno uzrokovan uporabom ili oslanjanjem na bilo koji takav sadr\u017eaj, robu ili usluge dostupne na ili putem bilo kojih takvih web-stranica ili usluga.<\/p><p>\u00a0<\/p><p>Sna\u017eno vam savjetujemo da pro\u010ditate uvjete kori\u0161tenja i pravila privatnosti bilo kojih web-stranica ili usluga tre\u0107ih strana koje posje\u0107ujete.<\/p><p>\u00a0<\/p><h4>Prestanak<\/h4><p>Mo\u017eemo odmah prekinuti ili suspendirati pristup na\u0161oj Usluzi bez prethodne obavijesti ili odgovornosti, iz bilo kojeg razloga, uklju\u010duju\u0107i, bez ograni\u010denja, ako prekr\u0161ite Uvjete.<\/p><p>\u00a0<\/p><p>Sve odredbe Uvjeta koje po svojoj prirodi trebaju pre\u017eivjeti prestanak \u0107e pre\u017eivjeti prestanak, uklju\u010duju\u0107i, bez ograni\u010denja, odredbe o vlasni\u0161tvu, odricanja od jamstava, od\u0161tetu i ograni\u010denja odgovornosti.<\/p><p>\u00a0<\/p><h4>Mjerodavno pravo<\/h4><p>Ovi Uvjeti \u0107e se tuma\u010diti i primjenjivati u skladu sa zakonima Hrvatske, bez obzira na njene odredbe o sukobu zakona.<\/p><p>Na\u0161 neuspjeh da provedemo bilo koje pravo ili odredbu ovih Uvjeta ne\u0107e se smatrati odricanjem od tih prava. Ako se neka odredba ovih Uvjeta smatra neva\u017ee\u0107om ili neprovedivom od strane suda, preostale odredbe ovih Uvjeta \u0107e ostati na snazi. Ovi Uvjeti predstavljaju cjelokupni sporazum izme\u0111u nas u vezi s na\u0161om Uslugom i zamjenjuju i zamjenjuju sve prethodne sporazume koje smo mo\u017eda imali izme\u0111u nas u vezi s Uslugom.<\/p><p>\u00a0<\/p><h4>Promjene<\/h4><p>Pridr\u017eavamo pravo, prema vlastitom naho\u0111enju, izmijeniti ili zamijeniti ove Uvjete u bilo koje vrijeme. Ako je izmjena zna\u010dajna, poku\u0161at \u0107emo pru\u017eiti najmanje 30 dana unaprijed obavijesti prije nego \u0161to novi uvjeti stupe na snagu. \u0160to predstavlja zna\u010dajnu promjenu bit \u0107e odre\u0111eno prema na\u0161em vlastitom naho\u0111enju.<\/p><p>\u00a0<\/p><p>Nastavkom pristupa ili kori\u0161tenja na\u0161e Usluge nakon \u0161to te izmjene postanu u\u010dinkovite, pristajete na obvezuju\u0107e nove uvjete. Ako se ne sla\u017eete s novim uvjetima, molimo prestanite koristiti Uslugu.<\/p><p>\u00a0<\/p><h4>Kontaktirajte nas<\/h4><p>Ako imate bilo kakvih pitanja o ovim Uvjetima, molimo kontaktirajte nas:<\/p><p>Email: info@markomed.com<\/p>\t\t\t\t\t\t\t\t<\/div>\n\t\t\t\t<\/div>\n\t\t\t\t\t<\/div>\n\t\t\t\t<\/div>\n\t\t\t\t<\/div>\n\t\t","protected":false},"excerpt":{"rendered":"<p>Uvjeti kori\u0161tenja Sadr\u017eaj Na\u0161a web-stranica omogu\u0107ava nam postavljanje, povezivanje, pohranjivanje, dijeljenje i ina\u010de omogu\u0107avanje odre\u0111enih informacija, teksta, grafika, videa ili drugih materijala. Vi ste odgovorni za Sadr\u017eaj koji postavljate na ili putem Usluge, uklju\u010duju\u0107i njegovu zakonitost, pouzdanost i prikladnost. \u00a0 Postavljanjem Sadr\u017eaja na ili putem Usluge, predstavljate i jam\u010dite da: (i) Sadr\u017eaj je va\u0161 (vi [&hellip;]<\/p>\n","protected":false},"author":1,"featured_media":0,"parent":0,"menu_order":0,"comment_status":"closed","ping_status":"closed","template":"","meta":{"inline_featured_image":false,"footnotes":""},"class_list":["post-4267","page","type-page","status-publish","hentry"],"yoast_head":"<!-- This site is optimized with the Yoast SEO plugin v27.5 - https:\/\/yoast.com\/product\/yoast-seo-wordpress\/ -->\n<title>Odredbe i uvjeti - Markomed<\/title>\n<meta name=\"description\" content=\"Markomed, kao pouzdan partner za promociju i distribuciju proizvo\u0111a\u010da medicinskih ure\u0111aja, nudi zdravstvenim djelatnicima i zdravstvenim ustanovama najnovija tehnolo\u0161ka dostignu\u0107a u medicinskim ure\u0111ajima.\" \/>\n<meta name=\"robots\" content=\"index, follow, max-snippet:-1, max-image-preview:large, max-video-preview:-1\" \/>\n<link rel=\"canonical\" href=\"https:\/\/www.markomed.com\/hr\/odredbe-i-uvjeti\/\" \/>\n<meta property=\"og:locale\" content=\"hr_HR\" \/>\n<meta property=\"og:type\" content=\"article\" \/>\n<meta property=\"og:title\" content=\"Odredbe i uvjeti - Markomed\" \/>\n<meta property=\"og:description\" content=\"Markomed, kao pouzdan partner za promociju i distribuciju proizvo\u0111a\u010da medicinskih ure\u0111aja, nudi zdravstvenim djelatnicima i zdravstvenim ustanovama najnovija tehnolo\u0161ka dostignu\u0107a u medicinskim ure\u0111ajima.\" \/>\n<meta property=\"og:url\" content=\"https:\/\/www.markomed.com\/hr\/odredbe-i-uvjeti\/\" \/>\n<meta property=\"og:site_name\" content=\"Markomed\" \/>\n<meta property=\"article:modified_time\" content=\"2024-06-17T06:46:51+00:00\" \/>\n<meta name=\"twitter:card\" content=\"summary_large_image\" \/>\n<meta name=\"twitter:label1\" content=\"Procijenjeno vrijeme \u010ditanja\" \/>\n\t<meta name=\"twitter:data1\" content=\"3 minute\" \/>\n<script type=\"application\/ld+json\" class=\"yoast-schema-graph\">{\"@context\":\"https:\\\/\\\/schema.org\",\"@graph\":[{\"@type\":\"WebPage\",\"@id\":\"https:\\\/\\\/www.markomed.com\\\/hr\\\/odredbe-i-uvjeti\\\/\",\"url\":\"https:\\\/\\\/www.markomed.com\\\/hr\\\/odredbe-i-uvjeti\\\/\",\"name\":\"Odredbe i uvjeti - Markomed\",\"isPartOf\":{\"@id\":\"https:\\\/\\\/www.markomed.com\\\/hr\\\/#website\"},\"datePublished\":\"2024-06-11T07:59:16+00:00\",\"dateModified\":\"2024-06-17T06:46:51+00:00\",\"description\":\"Markomed, kao pouzdan partner za promociju i distribuciju proizvo\u0111a\u010da medicinskih ure\u0111aja, nudi zdravstvenim djelatnicima i zdravstvenim ustanovama najnovija tehnolo\u0161ka dostignu\u0107a u medicinskim ure\u0111ajima.\",\"breadcrumb\":{\"@id\":\"https:\\\/\\\/www.markomed.com\\\/hr\\\/odredbe-i-uvjeti\\\/#breadcrumb\"},\"inLanguage\":\"hr\",\"potentialAction\":[{\"@type\":\"ReadAction\",\"target\":[\"https:\\\/\\\/www.markomed.com\\\/hr\\\/odredbe-i-uvjeti\\\/\"]}]},{\"@type\":\"BreadcrumbList\",\"@id\":\"https:\\\/\\\/www.markomed.com\\\/hr\\\/odredbe-i-uvjeti\\\/#breadcrumb\",\"itemListElement\":[{\"@type\":\"ListItem\",\"position\":1,\"name\":\"Home\",\"item\":\"https:\\\/\\\/www.markomed.com\\\/hr\\\/\"},{\"@type\":\"ListItem\",\"position\":2,\"name\":\"Odredbe i uvjeti\"}]},{\"@type\":\"WebSite\",\"@id\":\"https:\\\/\\\/www.markomed.com\\\/hr\\\/#website\",\"url\":\"https:\\\/\\\/www.markomed.com\\\/hr\\\/\",\"name\":\"Markomed\",\"description\":\"At the forefront of patient\u2019s outcome\",\"publisher\":{\"@id\":\"https:\\\/\\\/www.markomed.com\\\/hr\\\/#organization\"},\"alternateName\":\"Markomed\",\"potentialAction\":[{\"@type\":\"SearchAction\",\"target\":{\"@type\":\"EntryPoint\",\"urlTemplate\":\"https:\\\/\\\/www.markomed.com\\\/hr\\\/?s={search_term_string}\"},\"query-input\":{\"@type\":\"PropertyValueSpecification\",\"valueRequired\":true,\"valueName\":\"search_term_string\"}}],\"inLanguage\":\"hr\"},{\"@type\":\"Organization\",\"@id\":\"https:\\\/\\\/www.markomed.com\\\/hr\\\/#organization\",\"name\":\"Markomed\",\"alternateName\":\"Markomed Ltd.\",\"url\":\"https:\\\/\\\/www.markomed.com\\\/hr\\\/\",\"logo\":{\"@type\":\"ImageObject\",\"inLanguage\":\"hr\",\"@id\":\"https:\\\/\\\/www.markomed.com\\\/hr\\\/#\\\/schema\\\/logo\\\/image\\\/\",\"url\":\"https:\\\/\\\/www.markomed.com\\\/wp-content\\\/uploads\\\/2024\\\/03\\\/Untitled-design-1.svg\",\"contentUrl\":\"https:\\\/\\\/www.markomed.com\\\/wp-content\\\/uploads\\\/2024\\\/03\\\/Untitled-design-1.svg\",\"width\":40,\"height\":40,\"caption\":\"Markomed\"},\"image\":{\"@id\":\"https:\\\/\\\/www.markomed.com\\\/hr\\\/#\\\/schema\\\/logo\\\/image\\\/\"}}]}<\/script>\n<!-- \/ Yoast SEO plugin. -->","yoast_head_json":{"title":"Odredbe i uvjeti - Markomed","description":"Markomed, kao pouzdan partner za promociju i distribuciju proizvo\u0111a\u010da medicinskih ure\u0111aja, nudi zdravstvenim djelatnicima i zdravstvenim ustanovama najnovija tehnolo\u0161ka dostignu\u0107a u medicinskim ure\u0111ajima.","robots":{"index":"index","follow":"follow","max-snippet":"max-snippet:-1","max-image-preview":"max-image-preview:large","max-video-preview":"max-video-preview:-1"},"canonical":"https:\/\/www.markomed.com\/hr\/odredbe-i-uvjeti\/","og_locale":"hr_HR","og_type":"article","og_title":"Odredbe i uvjeti - Markomed","og_description":"Markomed, kao pouzdan partner za promociju i distribuciju proizvo\u0111a\u010da medicinskih ure\u0111aja, nudi zdravstvenim djelatnicima i zdravstvenim ustanovama najnovija tehnolo\u0161ka dostignu\u0107a u medicinskim ure\u0111ajima.","og_url":"https:\/\/www.markomed.com\/hr\/odredbe-i-uvjeti\/","og_site_name":"Markomed","article_modified_time":"2024-06-17T06:46:51+00:00","twitter_card":"summary_large_image","twitter_misc":{"Procijenjeno vrijeme \u010ditanja":"3 minute"},"schema":{"@context":"https:\/\/schema.org","@graph":[{"@type":"WebPage","@id":"https:\/\/www.markomed.com\/hr\/odredbe-i-uvjeti\/","url":"https:\/\/www.markomed.com\/hr\/odredbe-i-uvjeti\/","name":"Odredbe i uvjeti - Markomed","isPartOf":{"@id":"https:\/\/www.markomed.com\/hr\/#website"},"datePublished":"2024-06-11T07:59:16+00:00","dateModified":"2024-06-17T06:46:51+00:00","description":"Markomed, kao pouzdan partner za promociju i distribuciju proizvo\u0111a\u010da medicinskih ure\u0111aja, nudi zdravstvenim djelatnicima i zdravstvenim ustanovama najnovija tehnolo\u0161ka dostignu\u0107a u medicinskim ure\u0111ajima.","breadcrumb":{"@id":"https:\/\/www.markomed.com\/hr\/odredbe-i-uvjeti\/#breadcrumb"},"inLanguage":"hr","potentialAction":[{"@type":"ReadAction","target":["https:\/\/www.markomed.com\/hr\/odredbe-i-uvjeti\/"]}]},{"@type":"BreadcrumbList","@id":"https:\/\/www.markomed.com\/hr\/odredbe-i-uvjeti\/#breadcrumb","itemListElement":[{"@type":"ListItem","position":1,"name":"Home","item":"https:\/\/www.markomed.com\/hr\/"},{"@type":"ListItem","position":2,"name":"Odredbe i uvjeti"}]},{"@type":"WebSite","@id":"https:\/\/www.markomed.com\/hr\/#website","url":"https:\/\/www.markomed.com\/hr\/","name":"Markomed","description":"At the forefront of patient\u2019s outcome","publisher":{"@id":"https:\/\/www.markomed.com\/hr\/#organization"},"alternateName":"Markomed","potentialAction":[{"@type":"SearchAction","target":{"@type":"EntryPoint","urlTemplate":"https:\/\/www.markomed.com\/hr\/?s={search_term_string}"},"query-input":{"@type":"PropertyValueSpecification","valueRequired":true,"valueName":"search_term_string"}}],"inLanguage":"hr"},{"@type":"Organization","@id":"https:\/\/www.markomed.com\/hr\/#organization","name":"Markomed","alternateName":"Markomed Ltd.","url":"https:\/\/www.markomed.com\/hr\/","logo":{"@type":"ImageObject","inLanguage":"hr","@id":"https:\/\/www.markomed.com\/hr\/#\/schema\/logo\/image\/","url":"https:\/\/www.markomed.com\/wp-content\/uploads\/2024\/03\/Untitled-design-1.svg","contentUrl":"https:\/\/www.markomed.com\/wp-content\/uploads\/2024\/03\/Untitled-design-1.svg","width":40,"height":40,"caption":"Markomed"},"image":{"@id":"https:\/\/www.markomed.com\/hr\/#\/schema\/logo\/image\/"}}]}},"_links":{"self":[{"href":"https:\/\/www.markomed.com\/hr\/wp-json\/wp\/v2\/pages\/4267","targetHints":{"allow":["GET"]}}],"collection":[{"href":"https:\/\/www.markomed.com\/hr\/wp-json\/wp\/v2\/pages"}],"about":[{"href":"https:\/\/www.markomed.com\/hr\/wp-json\/wp\/v2\/types\/page"}],"author":[{"embeddable":true,"href":"https:\/\/www.markomed.com\/hr\/wp-json\/wp\/v2\/users\/1"}],"replies":[{"embeddable":true,"href":"https:\/\/www.markomed.com\/hr\/wp-json\/wp\/v2\/comments?post=4267"}],"version-history":[{"count":3,"href":"https:\/\/www.markomed.com\/hr\/wp-json\/wp\/v2\/pages\/4267\/revisions"}],"predecessor-version":[{"id":4505,"href":"https:\/\/www.markomed.com\/hr\/wp-json\/wp\/v2\/pages\/4267\/revisions\/4505"}],"wp:attachment":[{"href":"https:\/\/www.markomed.com\/hr\/wp-json\/wp\/v2\/media?parent=4267"}],"curies":[{"name":"wp","href":"https:\/\/api.w.org\/{rel}","templated":true}]}}